{"id":36910,"date":"2020-07-27T14:21:45","date_gmt":"2020-07-27T14:21:45","guid":{"rendered":"https:\/\/www.power2max.com\/product\/ngeco-gravel-rotor-edition-power2max\/"},"modified":"2026-01-09T07:01:48","modified_gmt":"2026-01-09T07:01:48","slug":"ngeco-gravel-rotor-edition-power2max","status":"publish","type":"product","link":"https:\/\/www.power2max.com\/fr\/produit\/ngeco-gravel-rotor-edition-power2max\/","title":{"rendered":"NGeco Gravel Rotor Edition-power2max"},"content":{"rendered":"<p>Le kit NGeco Gravel Rotor Edition-power2max se compose de notre capteur de puissance power2max NGeco pour mesurer la puissance totale des deux jambes, des nouvelles manivelles Rotor Direct Mount dans la conception exclusive power2max et les plateaux power2max Gravel pour les transmissions \u00e0 double plateau.<\/p>\n<p>Les manivelles et les plateaux sont l&rsquo;occasion id\u00e9ale pour remplacer votre manivelles GRX par un capteur de puissance. Le set est compatible avec les bo\u00eetiers de p\u00e9dalier Shimano Hollowtech 2. Le remplacement de vos anciennes manivelles est tr\u00e8s simple et aucun outil sp\u00e9cial n&rsquo;est n\u00e9cessaire.<\/p>\n<p><strong>Les fonctions \u00ab Balance \u00bb et \u00ab Pedal Smoothness \u00bb sont d\u00e9j\u00e0 activ\u00e9es.<\/strong><\/p>\n","protected":false},"excerpt":{"rendered":"<p>Le kit NGeco Gravel Rotor Edition-power2max se compose de notre capteur de puissance power2max NGeco pour mesurer la puissance totale [&hellip;]<\/p>\n","protected":false},"featured_media":0,"comment_status":"open","ping_status":"closed","template":"","meta":[],"product_brand":[],"product_cat":[584,421],"product_tag":[],"model":[552],"class_list":{"0":"post-36910","1":"product","2":"type-product","3":"status-publish","5":"product_cat-202-fr","6":"product_cat-power-meter-fr","7":"model-shimano","9":"first","10":"instock","11":"taxable","12":"shipping-taxable","13":"purchasable","14":"product-type-simple"},"acf":[],"_links":{"self":[{"href":"https:\/\/www.power2max.com\/fr\/wp-json\/wp\/v2\/product\/36910","targetHints":{"allow":["GET"]}}],"collection":[{"href":"https:\/\/www.power2max.com\/fr\/wp-json\/wp\/v2\/product"}],"about":[{"href":"https:\/\/www.power2max.com\/fr\/wp-json\/wp\/v2\/types\/product"}],"replies":[{"embeddable":true,"href":"https:\/\/www.power2max.com\/fr\/wp-json\/wp\/v2\/comments?post=36910"}],"wp:attachment":[{"href":"https:\/\/www.power2max.com\/fr\/wp-json\/wp\/v2\/media?parent=36910"}],"wp:term":[{"taxonomy":"product_brand","embeddable":true,"href":"https:\/\/www.power2max.com\/fr\/wp-json\/wp\/v2\/product_brand?post=36910"},{"taxonomy":"product_cat","embeddable":true,"href":"https:\/\/www.power2max.com\/fr\/wp-json\/wp\/v2\/product_cat?post=36910"},{"taxonomy":"product_tag","embeddable":true,"href":"https:\/\/www.power2max.com\/fr\/wp-json\/wp\/v2\/product_tag?post=36910"},{"taxonomy":"model","embeddable":true,"href":"https:\/\/www.power2max.com\/fr\/wp-json\/wp\/v2\/model?post=36910"}],"curies":[{"name":"wp","href":"https:\/\/api.w.org\/{rel}","templated":true}]}}