{"id":36909,"date":"2020-07-27T14:21:46","date_gmt":"2020-07-27T14:21:46","guid":{"rendered":"https:\/\/www.power2max.com\/product\/set-ngeco-gravel-rotor-aldhu3d\/"},"modified":"2025-11-05T16:59:39","modified_gmt":"2025-11-05T16:59:39","slug":"set-ngeco-gravel-rotor-aldhu3d","status":"publish","type":"product","link":"https:\/\/www.power2max.com\/fr\/produit\/set-ngeco-gravel-rotor-aldhu3d\/","title":{"rendered":"set NGeco Gravel Rotor ALDHU3D+"},"content":{"rendered":"<p>Le set NGeco Gravel Rotor ALDHU3D+ se compose de notre capteur de puissance NGeco pour mesurer la puissance totale des deux jambes, manivelles Rotor ALDHU3D+ et d&rsquo;un kit de plateaux power2max Gravel pour double plateau.<\/p>\n<p>Le p\u00e9dalier Rotor ALDHU3D+ impressionne par son poids, sa rigidit\u00e9 et son processus de fabrication de classe mondiale. Son axe de 30mm de diam\u00e8tre est compatible avec une multitude de bo\u00eetiers de p\u00e9dalier.<\/p>\n<p><strong>Les fonctions \u00ab Balance \u00bb et \u00ab Pedal Smoothness \u00bb sont d\u00e9j\u00e0 activ\u00e9es.<\/strong><\/p>\n","protected":false},"excerpt":{"rendered":"<p>Le set NGeco Gravel Rotor ALDHU3D+ se compose de notre capteur de puissance NGeco pour mesurer la puissance totale des [&hellip;]<\/p>\n","protected":false},"featured_media":0,"comment_status":"open","ping_status":"closed","template":"","meta":[],"product_brand":[],"product_cat":[584,421],"product_tag":[],"model":[],"class_list":{"0":"post-36909","1":"product","2":"type-product","3":"status-publish","5":"product_cat-202-fr","6":"product_cat-power-meter-fr","8":"first","9":"instock","10":"taxable","11":"shipping-taxable","12":"purchasable","13":"product-type-simple"},"acf":[],"_links":{"self":[{"href":"https:\/\/www.power2max.com\/fr\/wp-json\/wp\/v2\/product\/36909","targetHints":{"allow":["GET"]}}],"collection":[{"href":"https:\/\/www.power2max.com\/fr\/wp-json\/wp\/v2\/product"}],"about":[{"href":"https:\/\/www.power2max.com\/fr\/wp-json\/wp\/v2\/types\/product"}],"replies":[{"embeddable":true,"href":"https:\/\/www.power2max.com\/fr\/wp-json\/wp\/v2\/comments?post=36909"}],"wp:attachment":[{"href":"https:\/\/www.power2max.com\/fr\/wp-json\/wp\/v2\/media?parent=36909"}],"wp:term":[{"taxonomy":"product_brand","embeddable":true,"href":"https:\/\/www.power2max.com\/fr\/wp-json\/wp\/v2\/product_brand?post=36909"},{"taxonomy":"product_cat","embeddable":true,"href":"https:\/\/www.power2max.com\/fr\/wp-json\/wp\/v2\/product_cat?post=36909"},{"taxonomy":"product_tag","embeddable":true,"href":"https:\/\/www.power2max.com\/fr\/wp-json\/wp\/v2\/product_tag?post=36909"},{"taxonomy":"model","embeddable":true,"href":"https:\/\/www.power2max.com\/fr\/wp-json\/wp\/v2\/model?post=36909"}],"curies":[{"name":"wp","href":"https:\/\/api.w.org\/{rel}","templated":true}]}}