{"id":32915,"date":"2020-03-25T11:00:24","date_gmt":"2020-03-25T11:00:24","guid":{"rendered":"https:\/\/www.power2max.com\/product\/ngeco-route-fsa-modular-capteur-de-puissance\/"},"modified":"2025-10-30T10:14:19","modified_gmt":"2025-10-30T10:14:19","slug":"ngeco-route-fsa-modular-capteur-de-puissance","status":"publish","type":"product","link":"https:\/\/www.power2max.com\/fr\/produit\/ngeco-route-fsa-modular-capteur-de-puissance\/","title":{"rendered":"NGeco Route FSA Modular capteur de puissance"},"content":{"rendered":"<p>L&rsquo;\u00e9toile, avec capteur de puissance NGeco Route FSA Modular est le capteur de puissance pour tous les cyclistes qui utilisent d\u00e9j\u00e0 manivelles<strong> FSA Modular (K-Force Modular BB386EVO, SL-K Modular BB386EVO, ENERGY Modular BB386EVO, OMEGA Modular Megaexo)<\/strong>. Le capteur de puissance modulaire FSA est disponible dans les variantes BCD 130 pour les plateaux de taille 53\/39, BCD 110 pour les plateaux de taille 52\/36 (semi-compact), 50\/34 (compact) et 110 4-S (cercle de boulonnage \u00e0 4 trous pour les plateaux Shimano).<\/p>\n<p><strong>Les fonctions \u00c9quilibre et Souplesse de la p\u00e9dale sont d\u00e9j\u00e0 activ\u00e9es.<\/strong><\/p>\n","protected":false},"excerpt":{"rendered":"<p>L&rsquo;\u00e9toile, avec capteur de puissance NGeco Route FSA Modular est le capteur de puissance pour tous les cyclistes qui utilisent [&hellip;]<\/p>\n","protected":false},"featured_media":0,"comment_status":"open","ping_status":"closed","template":"","meta":[],"product_brand":[],"product_cat":[401,421],"product_tag":[],"model":[156],"class_list":{"0":"post-32915","1":"product","2":"type-product","3":"status-publish","5":"product_cat-12-fr","6":"product_cat-power-meter-fr","7":"model-fsa","9":"first","10":"instock","11":"taxable","12":"shipping-taxable","13":"purchasable","14":"product-type-simple"},"acf":[],"_links":{"self":[{"href":"https:\/\/www.power2max.com\/fr\/wp-json\/wp\/v2\/product\/32915","targetHints":{"allow":["GET"]}}],"collection":[{"href":"https:\/\/www.power2max.com\/fr\/wp-json\/wp\/v2\/product"}],"about":[{"href":"https:\/\/www.power2max.com\/fr\/wp-json\/wp\/v2\/types\/product"}],"replies":[{"embeddable":true,"href":"https:\/\/www.power2max.com\/fr\/wp-json\/wp\/v2\/comments?post=32915"}],"wp:attachment":[{"href":"https:\/\/www.power2max.com\/fr\/wp-json\/wp\/v2\/media?parent=32915"}],"wp:term":[{"taxonomy":"product_brand","embeddable":true,"href":"https:\/\/www.power2max.com\/fr\/wp-json\/wp\/v2\/product_brand?post=32915"},{"taxonomy":"product_cat","embeddable":true,"href":"https:\/\/www.power2max.com\/fr\/wp-json\/wp\/v2\/product_cat?post=32915"},{"taxonomy":"product_tag","embeddable":true,"href":"https:\/\/www.power2max.com\/fr\/wp-json\/wp\/v2\/product_tag?post=32915"},{"taxonomy":"model","embeddable":true,"href":"https:\/\/www.power2max.com\/fr\/wp-json\/wp\/v2\/model?post=32915"}],"curies":[{"name":"wp","href":"https:\/\/api.w.org\/{rel}","templated":true}]}}