{"id":31677,"date":"2020-02-05T17:54:17","date_gmt":"2020-02-05T18:33:18","guid":{"rendered":"https:\/\/www.power2max.com\/product\/manivelles-rotor-edition-power2max\/"},"modified":"2026-04-28T15:40:47","modified_gmt":"2026-04-28T15:40:47","slug":"manivelles-rotor-edition-power2max","status":"publish","type":"product","link":"https:\/\/www.power2max.com\/fr\/produit\/manivelles-rotor-edition-power2max\/","title":{"rendered":"Manivelles Rotor Edition-power2max"},"content":{"rendered":"<p>Les manivelles Rotor Edition-power2max sont construit en gardant \u00e0 l&rsquo;esprit la fonctionnalit\u00e9 et une excellente rigidit\u00e9 \/ poids. Les manivelles en aluminium sont disponibles en 165, 170, 172,5 et 175mm.<\/p>\n","protected":false},"excerpt":{"rendered":"<p>Les manivelles Rotor Edition-power2max sont construit en gardant \u00e0 l&rsquo;esprit la fonctionnalit\u00e9 et une excellente rigidit\u00e9 \/ poids. Les manivelles [&hellip;]<\/p>\n","protected":false},"featured_media":0,"comment_status":"open","ping_status":"closed","template":"","meta":[],"product_brand":[],"product_cat":[399],"product_tag":[],"model":[],"class_list":{"0":"post-31677","1":"product","2":"type-product","3":"status-publish","5":"product_cat-10-fr","7":"first","8":"instock","9":"taxable","10":"shipping-taxable","11":"purchasable","12":"product-type-variable"},"acf":[],"_links":{"self":[{"href":"https:\/\/www.power2max.com\/fr\/wp-json\/wp\/v2\/product\/31677","targetHints":{"allow":["GET"]}}],"collection":[{"href":"https:\/\/www.power2max.com\/fr\/wp-json\/wp\/v2\/product"}],"about":[{"href":"https:\/\/www.power2max.com\/fr\/wp-json\/wp\/v2\/types\/product"}],"replies":[{"embeddable":true,"href":"https:\/\/www.power2max.com\/fr\/wp-json\/wp\/v2\/comments?post=31677"}],"wp:attachment":[{"href":"https:\/\/www.power2max.com\/fr\/wp-json\/wp\/v2\/media?parent=31677"}],"wp:term":[{"taxonomy":"product_brand","embeddable":true,"href":"https:\/\/www.power2max.com\/fr\/wp-json\/wp\/v2\/product_brand?post=31677"},{"taxonomy":"product_cat","embeddable":true,"href":"https:\/\/www.power2max.com\/fr\/wp-json\/wp\/v2\/product_cat?post=31677"},{"taxonomy":"product_tag","embeddable":true,"href":"https:\/\/www.power2max.com\/fr\/wp-json\/wp\/v2\/product_tag?post=31677"},{"taxonomy":"model","embeddable":true,"href":"https:\/\/www.power2max.com\/fr\/wp-json\/wp\/v2\/model?post=31677"}],"curies":[{"name":"wp","href":"https:\/\/api.w.org\/{rel}","templated":true}]}}