{"id":31654,"date":"2020-02-05T17:57:22","date_gmt":"2020-02-05T17:57:22","guid":{"rendered":"https:\/\/www.power2max.com\/product\/ng-route-rotor-edition-power2max\/"},"modified":"2025-10-24T23:30:34","modified_gmt":"2025-10-24T23:30:34","slug":"ng-route-rotor-edition-power2max","status":"publish","type":"product","link":"https:\/\/www.power2max.com\/fr\/produit\/ng-route-rotor-edition-power2max\/","title":{"rendered":"NG route Rotor Edition-power2max"},"content":{"rendered":"<p>Le set NG Route Rotor Edition-power2max se compose de notre capteur de puissance NG pour mesurer la puissance totale g\u00e9n\u00e9r\u00e9e par les deux jambes et d&rsquo;un nouveau manivelles Rotor direct mount avec une conception exclusive power2max.<\/p>\n<p>Ce sont des manivelles creuses en aluminium forg\u00e9, leur poids n&rsquo;est que de 542g. Son arbre de 24mm de diam\u00e8tre vous permet de remplacer toutes les manivelles Shimano sans utiliser d&rsquo;outils sp\u00e9ciaux. En raison de la demande des utilisateurs, le set a \u00e9t\u00e9 d\u00e9velopp\u00e9 pour le bo\u00eetier de p\u00e9dalier Shimano Hollowtech II et combine une rigidit\u00e9 \u00e9lev\u00e9e avec un excellent rapport qualit\u00e9\/prix.<\/p>\n<p>Si vous souhaitez continuer \u00e0 utiliser votre plateaux Shimano Dura Ace, Ultegra ou 105 \u00e0 4 bras, vous pouvez choisir notre version 110-4S. Ce param\u00e8tre vous permet de maintenir la meilleure qualit\u00e9 de transmission possible.<\/p>\n<p><b>Contenu:<\/b> Capteur de puissance avec couvercle en silicone, Guide de d\u00e9marrage rapide, C\u00e2ble pour recharger, Anneau color\u00e9 2D, manivelles<\/p>\n","protected":false},"excerpt":{"rendered":"<p>Le set NG Route Rotor Edition-power2max se compose de notre capteur de puissance NG pour mesurer la puissance totale g\u00e9n\u00e9r\u00e9e [&hellip;]<\/p>\n","protected":false},"featured_media":0,"comment_status":"open","ping_status":"closed","template":"","meta":[],"product_brand":[],"product_cat":[400,421],"product_tag":[],"model":[],"class_list":{"0":"post-31654","1":"product","2":"type-product","3":"status-publish","5":"product_cat-11-fr","6":"product_cat-power-meter-fr","8":"first","9":"instock","10":"taxable","11":"shipping-taxable","12":"purchasable","13":"product-type-simple"},"acf":[],"_links":{"self":[{"href":"https:\/\/www.power2max.com\/fr\/wp-json\/wp\/v2\/product\/31654","targetHints":{"allow":["GET"]}}],"collection":[{"href":"https:\/\/www.power2max.com\/fr\/wp-json\/wp\/v2\/product"}],"about":[{"href":"https:\/\/www.power2max.com\/fr\/wp-json\/wp\/v2\/types\/product"}],"replies":[{"embeddable":true,"href":"https:\/\/www.power2max.com\/fr\/wp-json\/wp\/v2\/comments?post=31654"}],"wp:attachment":[{"href":"https:\/\/www.power2max.com\/fr\/wp-json\/wp\/v2\/media?parent=31654"}],"wp:term":[{"taxonomy":"product_brand","embeddable":true,"href":"https:\/\/www.power2max.com\/fr\/wp-json\/wp\/v2\/product_brand?post=31654"},{"taxonomy":"product_cat","embeddable":true,"href":"https:\/\/www.power2max.com\/fr\/wp-json\/wp\/v2\/product_cat?post=31654"},{"taxonomy":"product_tag","embeddable":true,"href":"https:\/\/www.power2max.com\/fr\/wp-json\/wp\/v2\/product_tag?post=31654"},{"taxonomy":"model","embeddable":true,"href":"https:\/\/www.power2max.com\/fr\/wp-json\/wp\/v2\/model?post=31654"}],"curies":[{"name":"wp","href":"https:\/\/api.w.org\/{rel}","templated":true}]}}