{"id":29207,"date":"2019-10-18T08:51:02","date_gmt":"2019-10-18T08:51:02","guid":{"rendered":"https:\/\/www.power2max.com\/product\/ng-vtt-rotor-direct-mount-capteur-de-puissance\/"},"modified":"2025-10-24T23:30:16","modified_gmt":"2025-10-24T23:30:16","slug":"ng-vtt-rotor-direct-mount-capteur-de-puissance","status":"publish","type":"product","link":"https:\/\/www.power2max.com\/fr\/produit\/ng-vtt-rotor-direct-mount-capteur-de-puissance\/","title":{"rendered":"NG VTT Rotor Direct Mount capteur de puissance"},"content":{"rendered":"<p>Le powermeter NG Rotor Direct Mount est le powermeter pour toutes les transmissions 1x MTB Rotor \u00e0 montage direct. Il est compatible avec les p\u00e9daliers modulaires Rotor Kapic, Kapic Carbon, R-Hawk et R-Raptor MTB et remplace le plateau Direct Mount. Le powermeter fonctionne avec tous les plateaux ronds et ovales courants ayant un diam\u00e8tre de plateau (BCD) de 104 mm et au moins 32 dents.<\/p>\n<p><b>Contenu:<\/b> Capteur de puissance avec couvercle en silicone, Guide de d\u00e9marrage rapide, C\u00e2ble pour recharger, Anneau color\u00e9 2D<\/p>\n","protected":false},"excerpt":{"rendered":"<p>Le powermeter NG Rotor Direct Mount est le powermeter pour toutes les transmissions 1x MTB Rotor \u00e0 montage direct. Il [&hellip;]<\/p>\n","protected":false},"featured_media":0,"comment_status":"open","ping_status":"closed","template":"","meta":[],"product_brand":[],"product_cat":[404,421],"product_tag":[],"model":[],"class_list":{"0":"post-29207","1":"product","2":"type-product","3":"status-publish","5":"product_cat-21-fr","6":"product_cat-power-meter-fr","8":"first","9":"instock","10":"taxable","11":"shipping-taxable","12":"purchasable","13":"product-type-simple"},"acf":[],"_links":{"self":[{"href":"https:\/\/www.power2max.com\/fr\/wp-json\/wp\/v2\/product\/29207","targetHints":{"allow":["GET"]}}],"collection":[{"href":"https:\/\/www.power2max.com\/fr\/wp-json\/wp\/v2\/product"}],"about":[{"href":"https:\/\/www.power2max.com\/fr\/wp-json\/wp\/v2\/types\/product"}],"replies":[{"embeddable":true,"href":"https:\/\/www.power2max.com\/fr\/wp-json\/wp\/v2\/comments?post=29207"}],"wp:attachment":[{"href":"https:\/\/www.power2max.com\/fr\/wp-json\/wp\/v2\/media?parent=29207"}],"wp:term":[{"taxonomy":"product_brand","embeddable":true,"href":"https:\/\/www.power2max.com\/fr\/wp-json\/wp\/v2\/product_brand?post=29207"},{"taxonomy":"product_cat","embeddable":true,"href":"https:\/\/www.power2max.com\/fr\/wp-json\/wp\/v2\/product_cat?post=29207"},{"taxonomy":"product_tag","embeddable":true,"href":"https:\/\/www.power2max.com\/fr\/wp-json\/wp\/v2\/product_tag?post=29207"},{"taxonomy":"model","embeddable":true,"href":"https:\/\/www.power2max.com\/fr\/wp-json\/wp\/v2\/model?post=29207"}],"curies":[{"name":"wp","href":"https:\/\/api.w.org\/{rel}","templated":true}]}}