{"id":28841,"date":"2019-10-01T12:59:35","date_gmt":"2019-10-01T12:59:35","guid":{"rendered":"https:\/\/www.power2max.com\/product\/ngeco-vtt-rotor-rex1-boost-avec-manivelles\/"},"modified":"2025-11-03T14:56:37","modified_gmt":"2025-11-03T14:56:37","slug":"ngeco-vtt-rotor-rex1-boost-avec-manivelles","status":"publish","type":"product","link":"https:\/\/www.power2max.com\/fr\/produit\/ngeco-vtt-rotor-rex1-boost-avec-manivelles\/","title":{"rendered":"NGeco VTT Rotor REX1 boost"},"content":{"rendered":"<p>Le NGeco VTT Rotor REX1 Boost-set comprend notre capteur de puissance NGeco. Cet kit est fabriqu\u00e9 pour la ligne de la cha\u00eene de Boost.\u00a0<strong>Une manivelle Rotor Rex 1.2 est n\u00e9cessaire pour pouvoir utiliser ce powermeter.<\/strong><\/p>\n<p><strong>Les deux fonctions Balance et Pedal Smoothness sont d\u00e9j\u00e0 activ\u00e9es.<\/strong><\/p>\n","protected":false},"excerpt":{"rendered":"<p>Le NGeco VTT Rotor REX1 Boost-set comprend notre capteur de puissance NGeco. Cet kit est fabriqu\u00e9 pour la ligne de [&hellip;]<\/p>\n","protected":false},"featured_media":0,"comment_status":"open","ping_status":"closed","template":"","meta":[],"product_brand":[],"product_cat":[405,421],"product_tag":[],"model":[161],"class_list":{"0":"post-28841","1":"product","2":"type-product","3":"status-publish","5":"product_cat-22-fr","6":"product_cat-power-meter-fr","7":"model-rotor","9":"first","10":"instock","11":"taxable","12":"shipping-taxable","13":"purchasable","14":"product-type-simple"},"acf":[],"_links":{"self":[{"href":"https:\/\/www.power2max.com\/fr\/wp-json\/wp\/v2\/product\/28841","targetHints":{"allow":["GET"]}}],"collection":[{"href":"https:\/\/www.power2max.com\/fr\/wp-json\/wp\/v2\/product"}],"about":[{"href":"https:\/\/www.power2max.com\/fr\/wp-json\/wp\/v2\/types\/product"}],"replies":[{"embeddable":true,"href":"https:\/\/www.power2max.com\/fr\/wp-json\/wp\/v2\/comments?post=28841"}],"wp:attachment":[{"href":"https:\/\/www.power2max.com\/fr\/wp-json\/wp\/v2\/media?parent=28841"}],"wp:term":[{"taxonomy":"product_brand","embeddable":true,"href":"https:\/\/www.power2max.com\/fr\/wp-json\/wp\/v2\/product_brand?post=28841"},{"taxonomy":"product_cat","embeddable":true,"href":"https:\/\/www.power2max.com\/fr\/wp-json\/wp\/v2\/product_cat?post=28841"},{"taxonomy":"product_tag","embeddable":true,"href":"https:\/\/www.power2max.com\/fr\/wp-json\/wp\/v2\/product_tag?post=28841"},{"taxonomy":"model","embeddable":true,"href":"https:\/\/www.power2max.com\/fr\/wp-json\/wp\/v2\/model?post=28841"}],"curies":[{"name":"wp","href":"https:\/\/api.w.org\/{rel}","templated":true}]}}