{"id":28840,"date":"2019-10-01T12:59:36","date_gmt":"2019-10-01T12:59:36","guid":{"rendered":"https:\/\/www.power2max.com\/product\/ngeco-vtt-rotor-rex1-standard-avec-manivelles\/"},"modified":"2025-11-03T14:50:09","modified_gmt":"2025-11-03T14:50:09","slug":"ngeco-vtt-rotor-rex1-standard-avec-manivelles","status":"publish","type":"product","link":"https:\/\/www.power2max.com\/fr\/produit\/ngeco-vtt-rotor-rex1-standard-avec-manivelles\/","title":{"rendered":"NGeco VTT Rotor REX1 Standard avec manivelles"},"content":{"rendered":"<p>Le NGeco VTT Rotor REX1 Standard-set comprend notre capteur de puissance NGeco et un adaptateur pour ligne de cha\u00eene standard. Avoir cet adaptateur de ligne de cha\u00eene standard vous permet de passer facilement \u00e0 une ligne cha\u00eene de Boost en retirant l&rsquo;adaptateur.<br \/>\n<strong>Une manivelle Rotor Rex 1.2 est n\u00e9cessaire pour pouvoir utiliser ce powermeter<\/strong>.<\/p>\n<p><strong>Les deux fonctions Balance et Pedal Smoothness sont d\u00e9j\u00e0 activ\u00e9es.<\/strong><\/p>\n","protected":false},"excerpt":{"rendered":"<p>Le NGeco VTT Rotor REX1 Standard-set comprend notre capteur de puissance NGeco et un adaptateur pour ligne de cha\u00eene standard. [&hellip;]<\/p>\n","protected":false},"featured_media":0,"comment_status":"open","ping_status":"closed","template":"","meta":[],"product_brand":[],"product_cat":[405,421],"product_tag":[],"model":[],"class_list":{"0":"post-28840","1":"product","2":"type-product","3":"status-publish","5":"product_cat-22-fr","6":"product_cat-power-meter-fr","8":"first","9":"instock","10":"taxable","11":"shipping-taxable","12":"purchasable","13":"product-type-simple"},"acf":[],"_links":{"self":[{"href":"https:\/\/www.power2max.com\/fr\/wp-json\/wp\/v2\/product\/28840","targetHints":{"allow":["GET"]}}],"collection":[{"href":"https:\/\/www.power2max.com\/fr\/wp-json\/wp\/v2\/product"}],"about":[{"href":"https:\/\/www.power2max.com\/fr\/wp-json\/wp\/v2\/types\/product"}],"replies":[{"embeddable":true,"href":"https:\/\/www.power2max.com\/fr\/wp-json\/wp\/v2\/comments?post=28840"}],"wp:attachment":[{"href":"https:\/\/www.power2max.com\/fr\/wp-json\/wp\/v2\/media?parent=28840"}],"wp:term":[{"taxonomy":"product_brand","embeddable":true,"href":"https:\/\/www.power2max.com\/fr\/wp-json\/wp\/v2\/product_brand?post=28840"},{"taxonomy":"product_cat","embeddable":true,"href":"https:\/\/www.power2max.com\/fr\/wp-json\/wp\/v2\/product_cat?post=28840"},{"taxonomy":"product_tag","embeddable":true,"href":"https:\/\/www.power2max.com\/fr\/wp-json\/wp\/v2\/product_tag?post=28840"},{"taxonomy":"model","embeddable":true,"href":"https:\/\/www.power2max.com\/fr\/wp-json\/wp\/v2\/model?post=28840"}],"curies":[{"name":"wp","href":"https:\/\/api.w.org\/{rel}","templated":true}]}}