{"id":28472,"date":"2019-09-17T11:48:58","date_gmt":"2019-09-17T11:48:58","guid":{"rendered":"https:\/\/www.power2max.com\/product\/ngeco-route-t-a-capteur-de-puissance\/"},"modified":"2025-10-30T12:38:40","modified_gmt":"2025-10-30T12:38:40","slug":"ngeco-route-t-a-capteur-de-puissance","status":"publish","type":"product","link":"https:\/\/www.power2max.com\/fr\/produit\/ngeco-route-t-a-capteur-de-puissance\/","title":{"rendered":"NGeco Route T.A. capteur de puissance"},"content":{"rendered":"<p>L&rsquo;\u00e9toile, avec capteur de puissance NGeco Route T.A. est le capteur de puissance pour tous les cyclistes qui utilisent d\u00e9j\u00e0 manivelles <a href=\"https:\/\/specialites-ta.com\/paire-de-manivelles\/262-924-paire-de-manivelles-specialites-ta-horizon-noir-phantom-sans-etoile.html#\/93,longeur-de-manivelles,1725mm\">Sp\u00e9cialit\u00e9s TA Horizon crankset<\/a>.<\/p>\n<p><strong>Les fonctions \u00c9quilibre et Souplesse de la p\u00e9dale sont d\u00e9j\u00e0 activ\u00e9es.<\/strong><\/p>\n","protected":false},"excerpt":{"rendered":"<p>L&rsquo;\u00e9toile, avec capteur de puissance NGeco Route T.A. est le capteur de puissance pour tous les cyclistes qui utilisent d\u00e9j\u00e0 [&hellip;]<\/p>\n","protected":false},"featured_media":0,"comment_status":"open","ping_status":"closed","template":"","meta":[],"product_brand":[],"product_cat":[401,421],"product_tag":[],"model":[553],"class_list":{"0":"post-28472","1":"product","2":"type-product","3":"status-publish","5":"product_cat-12-fr","6":"product_cat-power-meter-fr","7":"model-ta","9":"first","10":"instock","11":"taxable","12":"shipping-taxable","13":"purchasable","14":"product-type-simple"},"acf":[],"_links":{"self":[{"href":"https:\/\/www.power2max.com\/fr\/wp-json\/wp\/v2\/product\/28472","targetHints":{"allow":["GET"]}}],"collection":[{"href":"https:\/\/www.power2max.com\/fr\/wp-json\/wp\/v2\/product"}],"about":[{"href":"https:\/\/www.power2max.com\/fr\/wp-json\/wp\/v2\/types\/product"}],"replies":[{"embeddable":true,"href":"https:\/\/www.power2max.com\/fr\/wp-json\/wp\/v2\/comments?post=28472"}],"wp:attachment":[{"href":"https:\/\/www.power2max.com\/fr\/wp-json\/wp\/v2\/media?parent=28472"}],"wp:term":[{"taxonomy":"product_brand","embeddable":true,"href":"https:\/\/www.power2max.com\/fr\/wp-json\/wp\/v2\/product_brand?post=28472"},{"taxonomy":"product_cat","embeddable":true,"href":"https:\/\/www.power2max.com\/fr\/wp-json\/wp\/v2\/product_cat?post=28472"},{"taxonomy":"product_tag","embeddable":true,"href":"https:\/\/www.power2max.com\/fr\/wp-json\/wp\/v2\/product_tag?post=28472"},{"taxonomy":"model","embeddable":true,"href":"https:\/\/www.power2max.com\/fr\/wp-json\/wp\/v2\/model?post=28472"}],"curies":[{"name":"wp","href":"https:\/\/api.w.org\/{rel}","templated":true}]}}