{"id":26332,"date":"2019-06-21T12:56:26","date_gmt":"2019-06-21T12:56:26","guid":{"rendered":"https:\/\/www.power2max.com\/product\/ngeco-vtt-shimano-capteur-de-puissance\/"},"modified":"2025-11-03T15:03:27","modified_gmt":"2025-11-03T15:03:27","slug":"ngeco-vtt-shimano-capteur-de-puissance","status":"publish","type":"product","link":"https:\/\/www.power2max.com\/fr\/produit\/ngeco-vtt-shimano-capteur-de-puissance\/","title":{"rendered":"NGeco VTT Shimano Capteur de Puissance"},"content":{"rendered":"<p>Le capteur de puissance NGeco MTB Shimano est la solution id\u00e9ale pour les manivelles Shimano VTT Direct Mount et les transmissions 1x. Les manivelles compatibles sont <strong>SHIMANO M9100, M8100, M7100, M6100 et MT900<\/strong>. Nous vous recommandons d\u2019utiliser une plat compatible avec les transmissions Shimano 12 vitesses telles que les plateaux WolfTooth. Remarque : ce powermeter remplace le plateau de cha\u00eene Direct Mount. Pour pouvoir utiliser le Powermeter, un nouveau plateau avec un cercle de trous de 104mm et des vis de plateau correspondantes sont n\u00e9cessaires.<\/p>\n<p><strong>Les fonctions \u00c9quilibre et Souplesse de la p\u00e9dale sont d\u00e9j\u00e0 activ\u00e9es.<\/strong><\/p>\n","protected":false},"excerpt":{"rendered":"<p>Le capteur de puissance NGeco MTB Shimano est la solution id\u00e9ale pour les manivelles Shimano VTT Direct Mount et les [&hellip;]<\/p>\n","protected":false},"featured_media":0,"comment_status":"open","ping_status":"closed","template":"","meta":[],"product_brand":[],"product_cat":[405,421],"product_tag":[],"model":[],"class_list":{"0":"post-26332","1":"product","2":"type-product","3":"status-publish","5":"product_cat-22-fr","6":"product_cat-power-meter-fr","8":"first","9":"instock","10":"taxable","11":"shipping-taxable","12":"purchasable","13":"product-type-simple"},"acf":[],"_links":{"self":[{"href":"https:\/\/www.power2max.com\/fr\/wp-json\/wp\/v2\/product\/26332","targetHints":{"allow":["GET"]}}],"collection":[{"href":"https:\/\/www.power2max.com\/fr\/wp-json\/wp\/v2\/product"}],"about":[{"href":"https:\/\/www.power2max.com\/fr\/wp-json\/wp\/v2\/types\/product"}],"replies":[{"embeddable":true,"href":"https:\/\/www.power2max.com\/fr\/wp-json\/wp\/v2\/comments?post=26332"}],"wp:attachment":[{"href":"https:\/\/www.power2max.com\/fr\/wp-json\/wp\/v2\/media?parent=26332"}],"wp:term":[{"taxonomy":"product_brand","embeddable":true,"href":"https:\/\/www.power2max.com\/fr\/wp-json\/wp\/v2\/product_brand?post=26332"},{"taxonomy":"product_cat","embeddable":true,"href":"https:\/\/www.power2max.com\/fr\/wp-json\/wp\/v2\/product_cat?post=26332"},{"taxonomy":"product_tag","embeddable":true,"href":"https:\/\/www.power2max.com\/fr\/wp-json\/wp\/v2\/product_tag?post=26332"},{"taxonomy":"model","embeddable":true,"href":"https:\/\/www.power2max.com\/fr\/wp-json\/wp\/v2\/model?post=26332"}],"curies":[{"name":"wp","href":"https:\/\/api.w.org\/{rel}","templated":true}]}}