{"id":26331,"date":"2019-06-21T12:56:53","date_gmt":"2019-06-21T12:56:53","guid":{"rendered":"https:\/\/www.power2max.com\/product\/ng-vtt-shimano-capteur-de-puissance\/"},"modified":"2025-10-24T23:30:17","modified_gmt":"2025-10-24T23:30:17","slug":"ng-vtt-shimano-capteur-de-puissance","status":"publish","type":"product","link":"https:\/\/www.power2max.com\/fr\/produit\/ng-vtt-shimano-capteur-de-puissance\/","title":{"rendered":"NG VTT Shimano Capteur de Puissance"},"content":{"rendered":"<p>Le capteur de puissance NG MTB Shimano est la solution id\u00e9ale pour les manivelles Shimano VTT Direct Mount et les transmissions 1x. Les manivelles compatibles sont M9100, M8100, M7100, M6100 et MT900. Nous vous recommandons d\u2019utiliser une plat compatible avec les transmissions Shimano 12 vitesses telles que les plateaux WolfTooth.<\/p>\n<p><b>Contenu:<\/b> Capteur de puissance avec couvercle en silicone, Guide de d\u00e9marrage rapide, C\u00e2ble pour recharger, Anneau color\u00e9 2D<\/p>\n","protected":false},"excerpt":{"rendered":"<p>Le capteur de puissance NG MTB Shimano est la solution id\u00e9ale pour les manivelles Shimano VTT Direct Mount et les [&hellip;]<\/p>\n","protected":false},"featured_media":0,"comment_status":"open","ping_status":"closed","template":"","meta":[],"product_brand":[],"product_cat":[404,421],"product_tag":[],"model":[],"class_list":{"0":"post-26331","1":"product","2":"type-product","3":"status-publish","5":"product_cat-21-fr","6":"product_cat-power-meter-fr","8":"first","9":"instock","10":"taxable","11":"shipping-taxable","12":"purchasable","13":"product-type-simple"},"acf":[],"_links":{"self":[{"href":"https:\/\/www.power2max.com\/fr\/wp-json\/wp\/v2\/product\/26331","targetHints":{"allow":["GET"]}}],"collection":[{"href":"https:\/\/www.power2max.com\/fr\/wp-json\/wp\/v2\/product"}],"about":[{"href":"https:\/\/www.power2max.com\/fr\/wp-json\/wp\/v2\/types\/product"}],"replies":[{"embeddable":true,"href":"https:\/\/www.power2max.com\/fr\/wp-json\/wp\/v2\/comments?post=26331"}],"wp:attachment":[{"href":"https:\/\/www.power2max.com\/fr\/wp-json\/wp\/v2\/media?parent=26331"}],"wp:term":[{"taxonomy":"product_brand","embeddable":true,"href":"https:\/\/www.power2max.com\/fr\/wp-json\/wp\/v2\/product_brand?post=26331"},{"taxonomy":"product_cat","embeddable":true,"href":"https:\/\/www.power2max.com\/fr\/wp-json\/wp\/v2\/product_cat?post=26331"},{"taxonomy":"product_tag","embeddable":true,"href":"https:\/\/www.power2max.com\/fr\/wp-json\/wp\/v2\/product_tag?post=26331"},{"taxonomy":"model","embeddable":true,"href":"https:\/\/www.power2max.com\/fr\/wp-json\/wp\/v2\/model?post=26331"}],"curies":[{"name":"wp","href":"https:\/\/api.w.org\/{rel}","templated":true}]}}