{"id":23119,"date":"2019-03-11T14:18:38","date_gmt":"2019-03-11T14:18:38","guid":{"rendered":"https:\/\/www.power2max.com\/product\/ngeco-route-campagnolo-avec-manivelles\/"},"modified":"2025-10-30T13:17:04","modified_gmt":"2025-10-30T13:17:04","slug":"ngeco-route-campagnolo-avec-manivelles","status":"publish","type":"product","link":"https:\/\/www.power2max.com\/fr\/produit\/ngeco-route-campagnolo-avec-manivelles\/","title":{"rendered":"NGeco Route Campagnolo 12 Speed avec manivelles"},"content":{"rendered":"<p>Vous avez un groupe Campagnolo 2&#215;11 ou 2&#215;12 sur votre v\u00e9lo et vous souhaitez passer \u00e0 la puissance ? Le capteur de puissance NGeco Power Campagnolo Road avec les manivelles Campagnolo Carbon est fait pour vous.<br \/>\nPouvez-vous simplement combiner vos manivelles existantes avec le capteur de puissance NGeco Campagnolo ? Non, ce n&rsquo;est pas possible. Vous aurez besoin des manivelles sp\u00e9ciales pour capteur de puissance, qui sont livr\u00e9es sans \u00e9toile de p\u00e9dalier.<br \/>\n<strong>Remarque :<\/strong> veillez \u00e0 utiliser les plateaux 2&#215;11 ou 2&#215;12 sp\u00e9cifiques \u00e0 votre transmission.<\/p>\n<p><strong>Les fonctions Balance et Pedal Smoothness sont d\u00e9j\u00e0 activ\u00e9es.<\/strong><\/p>\n","protected":false},"excerpt":{"rendered":"<p>Vous avez un groupe Campagnolo 2&#215;11 ou 2&#215;12 sur votre v\u00e9lo et vous souhaitez passer \u00e0 la puissance ? Le [&hellip;]<\/p>\n","protected":false},"featured_media":0,"comment_status":"open","ping_status":"closed","template":"","meta":[],"product_brand":[],"product_cat":[401,421],"product_tag":[],"model":[],"class_list":{"0":"post-23119","1":"product","2":"type-product","3":"status-publish","5":"product_cat-12-fr","6":"product_cat-power-meter-fr","8":"first","9":"instock","10":"taxable","11":"shipping-taxable","12":"purchasable","13":"product-type-simple"},"acf":[],"_links":{"self":[{"href":"https:\/\/www.power2max.com\/fr\/wp-json\/wp\/v2\/product\/23119","targetHints":{"allow":["GET"]}}],"collection":[{"href":"https:\/\/www.power2max.com\/fr\/wp-json\/wp\/v2\/product"}],"about":[{"href":"https:\/\/www.power2max.com\/fr\/wp-json\/wp\/v2\/types\/product"}],"replies":[{"embeddable":true,"href":"https:\/\/www.power2max.com\/fr\/wp-json\/wp\/v2\/comments?post=23119"}],"wp:attachment":[{"href":"https:\/\/www.power2max.com\/fr\/wp-json\/wp\/v2\/media?parent=23119"}],"wp:term":[{"taxonomy":"product_brand","embeddable":true,"href":"https:\/\/www.power2max.com\/fr\/wp-json\/wp\/v2\/product_brand?post=23119"},{"taxonomy":"product_cat","embeddable":true,"href":"https:\/\/www.power2max.com\/fr\/wp-json\/wp\/v2\/product_cat?post=23119"},{"taxonomy":"product_tag","embeddable":true,"href":"https:\/\/www.power2max.com\/fr\/wp-json\/wp\/v2\/product_tag?post=23119"},{"taxonomy":"model","embeddable":true,"href":"https:\/\/www.power2max.com\/fr\/wp-json\/wp\/v2\/model?post=23119"}],"curies":[{"name":"wp","href":"https:\/\/api.w.org\/{rel}","templated":true}]}}