{"id":23118,"date":"2019-03-11T14:19:00","date_gmt":"2019-03-11T14:19:00","guid":{"rendered":"https:\/\/www.power2max.com\/product\/ng-route-campagnolo-avec-manivelles\/"},"modified":"2025-10-24T23:30:24","modified_gmt":"2025-10-24T23:30:24","slug":"ng-route-campagnolo-avec-manivelles-3","status":"publish","type":"product","link":"https:\/\/www.power2max.com\/fr\/produit\/ng-route-campagnolo-avec-manivelles-3\/","title":{"rendered":"NG Route Campagnolo 12 Speed avec manivelles"},"content":{"rendered":"<p>Le set de puissance NG Route Campagnolo, est l&rsquo;etoile NG avec capteur de puissance et les manivelles de carbone Campagnolo (manivelles Super Record avec axe Record en acier).<\/p>\n<p><b>Contenu:<\/b> Capteur de puissance avec couvercle en silicone, Guide de d\u00e9marrage rapide, C\u00e2ble pour recharger, Anneau color\u00e9 2D, manivelles<\/p>\n","protected":false},"excerpt":{"rendered":"<p>Le set de puissance NG Route Campagnolo, est l&rsquo;etoile NG avec capteur de puissance et les manivelles de carbone Campagnolo [&hellip;]<\/p>\n","protected":false},"featured_media":0,"comment_status":"open","ping_status":"closed","template":"","meta":[],"product_brand":[],"product_cat":[400,421],"product_tag":[],"model":[],"class_list":{"0":"post-23118","1":"product","2":"type-product","3":"status-publish","5":"product_cat-11-fr","6":"product_cat-power-meter-fr","8":"first","9":"instock","10":"taxable","11":"shipping-taxable","12":"purchasable","13":"product-type-simple"},"acf":[],"_links":{"self":[{"href":"https:\/\/www.power2max.com\/fr\/wp-json\/wp\/v2\/product\/23118","targetHints":{"allow":["GET"]}}],"collection":[{"href":"https:\/\/www.power2max.com\/fr\/wp-json\/wp\/v2\/product"}],"about":[{"href":"https:\/\/www.power2max.com\/fr\/wp-json\/wp\/v2\/types\/product"}],"replies":[{"embeddable":true,"href":"https:\/\/www.power2max.com\/fr\/wp-json\/wp\/v2\/comments?post=23118"}],"wp:attachment":[{"href":"https:\/\/www.power2max.com\/fr\/wp-json\/wp\/v2\/media?parent=23118"}],"wp:term":[{"taxonomy":"product_brand","embeddable":true,"href":"https:\/\/www.power2max.com\/fr\/wp-json\/wp\/v2\/product_brand?post=23118"},{"taxonomy":"product_cat","embeddable":true,"href":"https:\/\/www.power2max.com\/fr\/wp-json\/wp\/v2\/product_cat?post=23118"},{"taxonomy":"product_tag","embeddable":true,"href":"https:\/\/www.power2max.com\/fr\/wp-json\/wp\/v2\/product_tag?post=23118"},{"taxonomy":"model","embeddable":true,"href":"https:\/\/www.power2max.com\/fr\/wp-json\/wp\/v2\/model?post=23118"}],"curies":[{"name":"wp","href":"https:\/\/api.w.org\/{rel}","templated":true}]}}