{"id":23107,"date":"2019-03-11T14:20:17","date_gmt":"2019-03-11T14:33:35","guid":{"rendered":"https:\/\/www.power2max.com\/product\/manivelles-campagnolo-12-speed\/"},"modified":"2026-04-29T00:39:42","modified_gmt":"2026-04-29T00:39:42","slug":"manivelles-campagnolo-12-speed","status":"publish","type":"product","link":"https:\/\/www.power2max.com\/fr\/produit\/manivelles-campagnolo-12-speed\/","title":{"rendered":"Manivelles Campagnolo 12 Speed"},"content":{"rendered":"<p>Les manivelles Campagnolo 12 Speed est un p\u00e9dalier de carbone qui ont \u00e9t\u00e9 d\u00e9velopp\u00e9s sp\u00e9cifiquement pour nos capteur de puissance. Longueur de manivelles disponibles en 170, 172,5 et 175mm.<\/p>\n","protected":false},"excerpt":{"rendered":"<p>Les manivelles Campagnolo 12 Speed est un p\u00e9dalier de carbone qui ont \u00e9t\u00e9 d\u00e9velopp\u00e9s sp\u00e9cifiquement pour nos capteur de puissance. [&hellip;]<\/p>\n","protected":false},"featured_media":0,"comment_status":"open","ping_status":"closed","template":"","meta":[],"product_brand":[],"product_cat":[399],"product_tag":[],"model":[],"class_list":{"0":"post-23107","1":"product","2":"type-product","3":"status-publish","5":"product_cat-10-fr","7":"first","8":"instock","9":"taxable","10":"shipping-taxable","11":"purchasable","12":"product-type-variable"},"acf":[],"_links":{"self":[{"href":"https:\/\/www.power2max.com\/fr\/wp-json\/wp\/v2\/product\/23107","targetHints":{"allow":["GET"]}}],"collection":[{"href":"https:\/\/www.power2max.com\/fr\/wp-json\/wp\/v2\/product"}],"about":[{"href":"https:\/\/www.power2max.com\/fr\/wp-json\/wp\/v2\/types\/product"}],"replies":[{"embeddable":true,"href":"https:\/\/www.power2max.com\/fr\/wp-json\/wp\/v2\/comments?post=23107"}],"wp:attachment":[{"href":"https:\/\/www.power2max.com\/fr\/wp-json\/wp\/v2\/media?parent=23107"}],"wp:term":[{"taxonomy":"product_brand","embeddable":true,"href":"https:\/\/www.power2max.com\/fr\/wp-json\/wp\/v2\/product_brand?post=23107"},{"taxonomy":"product_cat","embeddable":true,"href":"https:\/\/www.power2max.com\/fr\/wp-json\/wp\/v2\/product_cat?post=23107"},{"taxonomy":"product_tag","embeddable":true,"href":"https:\/\/www.power2max.com\/fr\/wp-json\/wp\/v2\/product_tag?post=23107"},{"taxonomy":"model","embeddable":true,"href":"https:\/\/www.power2max.com\/fr\/wp-json\/wp\/v2\/model?post=23107"}],"curies":[{"name":"wp","href":"https:\/\/api.w.org\/{rel}","templated":true}]}}