{"id":20382,"date":"2018-12-13T18:26:48","date_gmt":"2018-12-13T18:26:48","guid":{"rendered":"https:\/\/www.power2max.com\/product\/ng-vtt-cannondale-ai-capteur-de-puissance-ai\/"},"modified":"2025-10-24T23:30:07","modified_gmt":"2025-10-24T23:30:07","slug":"ng-vtt-cannondale-ai-capteur-de-puissance-ai","status":"publish","type":"product","link":"https:\/\/www.power2max.com\/fr\/produit\/ng-vtt-cannondale-ai-capteur-de-puissance-ai\/","title":{"rendered":"NG VTT Cannondale AI capteur de puissance AI"},"content":{"rendered":"<p>L&rsquo;\u00e9toile, avec capteur de puissance NG VTT Cannondale est le capteur de puissance pour tous les cyclistes qui utilisent d\u00e9j\u00e0 manivelles Cannondale SI, SISL ou SISL2 avec ligne de cha\u00eene AI.<\/p>\n<p><b>Contenu:<\/b> Capteur de puissance avec couvercle en silicone, Guide de d\u00e9marrage rapide, C\u00e2ble pour recharger, Anneau color\u00e9 2D<\/p>\n<p>Remarque : ce powermeter remplace le plateau de cha\u00eene Direct Mount. Pour pouvoir utiliser le Powermeter, un nouveau plateau avec un cercle de trous de 104mm et des vis de plateau correspondantes sont n\u00e9cessaires.<\/p>\n","protected":false},"excerpt":{"rendered":"<p>L&rsquo;\u00e9toile, avec capteur de puissance NG VTT Cannondale est le capteur de puissance pour tous les cyclistes qui utilisent d\u00e9j\u00e0 [&hellip;]<\/p>\n","protected":false},"featured_media":0,"comment_status":"open","ping_status":"closed","template":"","meta":[],"product_brand":[],"product_cat":[404,421],"product_tag":[],"model":[160],"class_list":{"0":"post-20382","1":"product","2":"type-product","3":"status-publish","5":"product_cat-21-fr","6":"product_cat-power-meter-fr","7":"model-cannondale","9":"first","10":"instock","11":"taxable","12":"shipping-taxable","13":"purchasable","14":"product-type-simple"},"acf":[],"_links":{"self":[{"href":"https:\/\/www.power2max.com\/fr\/wp-json\/wp\/v2\/product\/20382","targetHints":{"allow":["GET"]}}],"collection":[{"href":"https:\/\/www.power2max.com\/fr\/wp-json\/wp\/v2\/product"}],"about":[{"href":"https:\/\/www.power2max.com\/fr\/wp-json\/wp\/v2\/types\/product"}],"replies":[{"embeddable":true,"href":"https:\/\/www.power2max.com\/fr\/wp-json\/wp\/v2\/comments?post=20382"}],"wp:attachment":[{"href":"https:\/\/www.power2max.com\/fr\/wp-json\/wp\/v2\/media?parent=20382"}],"wp:term":[{"taxonomy":"product_brand","embeddable":true,"href":"https:\/\/www.power2max.com\/fr\/wp-json\/wp\/v2\/product_brand?post=20382"},{"taxonomy":"product_cat","embeddable":true,"href":"https:\/\/www.power2max.com\/fr\/wp-json\/wp\/v2\/product_cat?post=20382"},{"taxonomy":"product_tag","embeddable":true,"href":"https:\/\/www.power2max.com\/fr\/wp-json\/wp\/v2\/product_tag?post=20382"},{"taxonomy":"model","embeddable":true,"href":"https:\/\/www.power2max.com\/fr\/wp-json\/wp\/v2\/model?post=20382"}],"curies":[{"name":"wp","href":"https:\/\/api.w.org\/{rel}","templated":true}]}}