{"id":18902,"date":"2018-11-02T10:43:14","date_gmt":"2018-11-02T10:43:14","guid":{"rendered":"https:\/\/www.power2max.com\/product\/ngeco-piste-rotor-aldhu-capteur-de-puissance\/"},"modified":"2025-10-29T23:22:16","modified_gmt":"2025-10-29T23:22:16","slug":"ngeco-piste-rotor-aldhu-capteur-de-puissance","status":"publish","type":"product","link":"https:\/\/www.power2max.com\/fr\/produit\/ngeco-piste-rotor-aldhu-capteur-de-puissance\/","title":{"rendered":"NGeco Piste Rotor ALDHU capteur de puissance"},"content":{"rendered":"<p>Le capteur de puissance NGeco Piste a \u00e9t\u00e9 d\u00e9velopp\u00e9 pour les v\u00e9los de piste et les plateaux 144BCD. Il est le capteur de puissance pour tous les cyclistes qui utilisent d\u00e9j\u00e0 manivelles Rotor ALDHU ou VEGAS. Le capteur est compatible avec les axes de 30 et 24mm. NOTE: le capteur de puissance n&rsquo;est pas compatible avec le axe Rotor Track<\/p>\n","protected":false},"excerpt":{"rendered":"<p>Le capteur de puissance NGeco Piste a \u00e9t\u00e9 d\u00e9velopp\u00e9 pour les v\u00e9los de piste et les plateaux 144BCD. Il est [&hellip;]<\/p>\n","protected":false},"featured_media":0,"comment_status":"open","ping_status":"closed","template":"","meta":[],"product_brand":[],"product_cat":[409,421],"product_tag":[],"model":[161],"class_list":{"0":"post-18902","1":"product","2":"type-product","3":"status-publish","5":"product_cat-32-fr","6":"product_cat-power-meter-fr","7":"model-rotor","9":"first","10":"instock","11":"taxable","12":"shipping-taxable","13":"purchasable","14":"product-type-simple"},"acf":[],"_links":{"self":[{"href":"https:\/\/www.power2max.com\/fr\/wp-json\/wp\/v2\/product\/18902","targetHints":{"allow":["GET"]}}],"collection":[{"href":"https:\/\/www.power2max.com\/fr\/wp-json\/wp\/v2\/product"}],"about":[{"href":"https:\/\/www.power2max.com\/fr\/wp-json\/wp\/v2\/types\/product"}],"replies":[{"embeddable":true,"href":"https:\/\/www.power2max.com\/fr\/wp-json\/wp\/v2\/comments?post=18902"}],"wp:attachment":[{"href":"https:\/\/www.power2max.com\/fr\/wp-json\/wp\/v2\/media?parent=18902"}],"wp:term":[{"taxonomy":"product_brand","embeddable":true,"href":"https:\/\/www.power2max.com\/fr\/wp-json\/wp\/v2\/product_brand?post=18902"},{"taxonomy":"product_cat","embeddable":true,"href":"https:\/\/www.power2max.com\/fr\/wp-json\/wp\/v2\/product_cat?post=18902"},{"taxonomy":"product_tag","embeddable":true,"href":"https:\/\/www.power2max.com\/fr\/wp-json\/wp\/v2\/product_tag?post=18902"},{"taxonomy":"model","embeddable":true,"href":"https:\/\/www.power2max.com\/fr\/wp-json\/wp\/v2\/model?post=18902"}],"curies":[{"name":"wp","href":"https:\/\/api.w.org\/{rel}","templated":true}]}}