{"id":18901,"date":"2018-11-02T10:43:15","date_gmt":"2018-11-02T10:43:15","guid":{"rendered":"https:\/\/www.power2max.com\/product\/ngeco-piste-rotor-aldhu-avec-manivelles\/"},"modified":"2025-10-29T23:22:17","modified_gmt":"2025-10-29T23:22:17","slug":"ngeco-piste-rotor-aldhu-avec-manivelles","status":"publish","type":"product","link":"https:\/\/www.power2max.com\/fr\/produit\/ngeco-piste-rotor-aldhu-avec-manivelles\/","title":{"rendered":"NGeco Piste Rotor ALDHU avec manivelles"},"content":{"rendered":"<p>Le set de puissance NGeco Piste Rotor ALDHU, est l&rsquo;etoile NGeco avec capteur de puissance et les manivelles de aluminium Rotor ALDHU avec axe en aluminium 30mm. Le capteur de puissance NGeco Piste a \u00e9t\u00e9 d\u00e9velopp\u00e9 pour les v\u00e9los de piste et les plateaux 144BCD.<\/p>\n","protected":false},"excerpt":{"rendered":"<p>Le set de puissance NGeco Piste Rotor ALDHU, est l&rsquo;etoile NGeco avec capteur de puissance et les manivelles de aluminium [&hellip;]<\/p>\n","protected":false},"featured_media":0,"comment_status":"open","ping_status":"closed","template":"","meta":[],"product_cat":[409,421],"product_tag":[],"model":[161],"acf":[],"_links":{"self":[{"href":"https:\/\/www.power2max.com\/fr\/wp-json\/wp\/v2\/product\/18901"}],"collection":[{"href":"https:\/\/www.power2max.com\/fr\/wp-json\/wp\/v2\/product"}],"about":[{"href":"https:\/\/www.power2max.com\/fr\/wp-json\/wp\/v2\/types\/product"}],"replies":[{"embeddable":true,"href":"https:\/\/www.power2max.com\/fr\/wp-json\/wp\/v2\/comments?post=18901"}],"wp:attachment":[{"href":"https:\/\/www.power2max.com\/fr\/wp-json\/wp\/v2\/media?parent=18901"}],"wp:term":[{"taxonomy":"product_cat","embeddable":true,"href":"https:\/\/www.power2max.com\/fr\/wp-json\/wp\/v2\/product_cat?post=18901"},{"taxonomy":"product_tag","embeddable":true,"href":"https:\/\/www.power2max.com\/fr\/wp-json\/wp\/v2\/product_tag?post=18901"},{"taxonomy":"model","embeddable":true,"href":"https:\/\/www.power2max.com\/fr\/wp-json\/wp\/v2\/model?post=18901"}],"curies":[{"name":"wp","href":"https:\/\/api.w.org\/{rel}","templated":true}]}}