{"id":18900,"date":"2018-11-02T10:43:45","date_gmt":"2018-11-02T10:43:45","guid":{"rendered":"https:\/\/www.power2max.com\/product\/ng-piste-rotor-aldhu-avec-manivelles\/"},"modified":"2025-10-24T23:30:51","modified_gmt":"2025-10-24T23:30:51","slug":"ng-piste-rotor-aldhu-avec-manivelles","status":"publish","type":"product","link":"https:\/\/www.power2max.com\/fr\/produit\/ng-piste-rotor-aldhu-avec-manivelles\/","title":{"rendered":"NG Piste Rotor ALDHU avec manivelles"},"content":{"rendered":"<p>Le set de puissance NG Piste Rotor ALDHU, est l&rsquo;etoile NG avec capteur de puissance et les manivelles de aluminium Rotor ALDHU avec axe en aluminium 30mm. Le capteur de puissance NG Piste a \u00e9t\u00e9 d\u00e9velopp\u00e9 pour les v\u00e9los de piste et les plateaux 144BCD.<\/p>\n","protected":false},"excerpt":{"rendered":"<p>Le set de puissance NG Piste Rotor ALDHU, est l&rsquo;etoile NG avec capteur de puissance et les manivelles de aluminium [&hellip;]<\/p>\n","protected":false},"featured_media":0,"comment_status":"open","ping_status":"closed","template":"","meta":[],"product_brand":[],"product_cat":[408,421],"product_tag":[],"model":[],"class_list":{"0":"post-18900","1":"product","2":"type-product","3":"status-publish","5":"product_cat-31-fr","6":"product_cat-power-meter-fr","8":"first","9":"instock","10":"taxable","11":"shipping-taxable","12":"purchasable","13":"product-type-simple"},"acf":[],"_links":{"self":[{"href":"https:\/\/www.power2max.com\/fr\/wp-json\/wp\/v2\/product\/18900","targetHints":{"allow":["GET"]}}],"collection":[{"href":"https:\/\/www.power2max.com\/fr\/wp-json\/wp\/v2\/product"}],"about":[{"href":"https:\/\/www.power2max.com\/fr\/wp-json\/wp\/v2\/types\/product"}],"replies":[{"embeddable":true,"href":"https:\/\/www.power2max.com\/fr\/wp-json\/wp\/v2\/comments?post=18900"}],"wp:attachment":[{"href":"https:\/\/www.power2max.com\/fr\/wp-json\/wp\/v2\/media?parent=18900"}],"wp:term":[{"taxonomy":"product_brand","embeddable":true,"href":"https:\/\/www.power2max.com\/fr\/wp-json\/wp\/v2\/product_brand?post=18900"},{"taxonomy":"product_cat","embeddable":true,"href":"https:\/\/www.power2max.com\/fr\/wp-json\/wp\/v2\/product_cat?post=18900"},{"taxonomy":"product_tag","embeddable":true,"href":"https:\/\/www.power2max.com\/fr\/wp-json\/wp\/v2\/product_tag?post=18900"},{"taxonomy":"model","embeddable":true,"href":"https:\/\/www.power2max.com\/fr\/wp-json\/wp\/v2\/model?post=18900"}],"curies":[{"name":"wp","href":"https:\/\/api.w.org\/{rel}","templated":true}]}}