{"id":18334,"date":"2018-10-17T10:41:24","date_gmt":"2018-10-17T13:52:38","guid":{"rendered":"https:\/\/www.power2max.com\/product\/manivelles-rotor-aldhu\/"},"modified":"2026-05-01T16:50:20","modified_gmt":"2026-05-01T16:50:20","slug":"manivelles-rotor-aldhu","status":"publish","type":"product","link":"https:\/\/www.power2max.com\/fr\/produit\/manivelles-rotor-aldhu\/","title":{"rendered":"Manivelles Rotor ALDHU"},"content":{"rendered":"<p>La conception modulaire des manivelles Rotor ALDHU les rend id\u00e9ales pour une utilisation en combinaison avec un capteur de puissance situ\u00e9 sur l&rsquo;\u00e9toile. Ces manivelles en aluminium l\u00e9g\u00e8res et rigides sont la r\u00e9f\u00e9rence de Rotor et sont disponibles en longueurs de 165, 170, 172,5 et 175 mm.<\/p>\n","protected":false},"excerpt":{"rendered":"<p>La conception modulaire des manivelles Rotor ALDHU les rend id\u00e9ales pour une utilisation en combinaison avec un capteur de puissance [&hellip;]<\/p>\n","protected":false},"featured_media":0,"comment_status":"open","ping_status":"closed","template":"","meta":[],"product_brand":[],"product_cat":[399],"product_tag":[],"model":[],"class_list":{"0":"post-18334","1":"product","2":"type-product","3":"status-publish","5":"product_cat-10-fr","7":"first","8":"instock","9":"taxable","10":"shipping-taxable","11":"purchasable","12":"product-type-variable"},"acf":[],"_links":{"self":[{"href":"https:\/\/www.power2max.com\/fr\/wp-json\/wp\/v2\/product\/18334","targetHints":{"allow":["GET"]}}],"collection":[{"href":"https:\/\/www.power2max.com\/fr\/wp-json\/wp\/v2\/product"}],"about":[{"href":"https:\/\/www.power2max.com\/fr\/wp-json\/wp\/v2\/types\/product"}],"replies":[{"embeddable":true,"href":"https:\/\/www.power2max.com\/fr\/wp-json\/wp\/v2\/comments?post=18334"}],"wp:attachment":[{"href":"https:\/\/www.power2max.com\/fr\/wp-json\/wp\/v2\/media?parent=18334"}],"wp:term":[{"taxonomy":"product_brand","embeddable":true,"href":"https:\/\/www.power2max.com\/fr\/wp-json\/wp\/v2\/product_brand?post=18334"},{"taxonomy":"product_cat","embeddable":true,"href":"https:\/\/www.power2max.com\/fr\/wp-json\/wp\/v2\/product_cat?post=18334"},{"taxonomy":"product_tag","embeddable":true,"href":"https:\/\/www.power2max.com\/fr\/wp-json\/wp\/v2\/product_tag?post=18334"},{"taxonomy":"model","embeddable":true,"href":"https:\/\/www.power2max.com\/fr\/wp-json\/wp\/v2\/model?post=18334"}],"curies":[{"name":"wp","href":"https:\/\/api.w.org\/{rel}","templated":true}]}}