{"id":18331,"date":"2018-10-17T10:40:00","date_gmt":"2018-10-17T10:40:00","guid":{"rendered":"https:\/\/www.power2max.com\/product\/ngeco-route-rotor-aldhu-avec-manivelles\/"},"modified":"2025-10-30T13:58:13","modified_gmt":"2025-10-30T13:58:13","slug":"ngeco-route-rotor-aldhu-avec-manivelles","status":"publish","type":"product","link":"https:\/\/www.power2max.com\/fr\/produit\/ngeco-route-rotor-aldhu-avec-manivelles\/","title":{"rendered":"NGeco Route Rotor ALDHU 30 avec manivelles"},"content":{"rendered":"<p>Le kit de capteur de puissance NGeco Rotor ALDHU 30 pour v\u00e9lo de route comprend le capteur de puissance NGeco et le p\u00e9dalier <strong>Rotor ALDHU 30 avec axe en aluminium de 30 mm.<\/strong> Avec les versions 110 4-S et 110 4-SL du capteur de puissance, il est possible de continuer \u00e0 utiliser les plateaux Shimano existants pour conserver le confort de changement de vitesse. La version 110 4-SL permet \u00e9galement de gagner 30 g par rapport \u00e0 la version 110 4-S standard. <strong>Le Rotor ALDHU30 est disponible dans une large gamme de longueurs, de 150 mm \u00e0 175 mm<\/strong>.<\/p>\n<p><strong>Les fonctions Balance et Pedal Smoothness sont d\u00e9j\u00e0 activ\u00e9es.<\/strong><\/p>\n","protected":false},"excerpt":{"rendered":"<p>Le kit de capteur de puissance NGeco Rotor ALDHU 30 pour v\u00e9lo de route comprend le capteur de puissance NGeco [&hellip;]<\/p>\n","protected":false},"featured_media":0,"comment_status":"open","ping_status":"closed","template":"","meta":[],"product_brand":[],"product_cat":[401,421],"product_tag":[],"model":[],"class_list":{"0":"post-18331","1":"product","2":"type-product","3":"status-publish","5":"product_cat-12-fr","6":"product_cat-power-meter-fr","8":"first","9":"instock","10":"taxable","11":"shipping-taxable","12":"purchasable","13":"product-type-simple"},"acf":[],"_links":{"self":[{"href":"https:\/\/www.power2max.com\/fr\/wp-json\/wp\/v2\/product\/18331","targetHints":{"allow":["GET"]}}],"collection":[{"href":"https:\/\/www.power2max.com\/fr\/wp-json\/wp\/v2\/product"}],"about":[{"href":"https:\/\/www.power2max.com\/fr\/wp-json\/wp\/v2\/types\/product"}],"replies":[{"embeddable":true,"href":"https:\/\/www.power2max.com\/fr\/wp-json\/wp\/v2\/comments?post=18331"}],"wp:attachment":[{"href":"https:\/\/www.power2max.com\/fr\/wp-json\/wp\/v2\/media?parent=18331"}],"wp:term":[{"taxonomy":"product_brand","embeddable":true,"href":"https:\/\/www.power2max.com\/fr\/wp-json\/wp\/v2\/product_brand?post=18331"},{"taxonomy":"product_cat","embeddable":true,"href":"https:\/\/www.power2max.com\/fr\/wp-json\/wp\/v2\/product_cat?post=18331"},{"taxonomy":"product_tag","embeddable":true,"href":"https:\/\/www.power2max.com\/fr\/wp-json\/wp\/v2\/product_tag?post=18331"},{"taxonomy":"model","embeddable":true,"href":"https:\/\/www.power2max.com\/fr\/wp-json\/wp\/v2\/model?post=18331"}],"curies":[{"name":"wp","href":"https:\/\/api.w.org\/{rel}","templated":true}]}}