{"id":15511,"date":"2018-07-20T14:20:02","date_gmt":"2018-07-20T14:20:02","guid":{"rendered":"https:\/\/www.power2max.com\/product\/ng-route-easton-capteur-de-puissance\/"},"modified":"2025-10-24T23:30:27","modified_gmt":"2025-10-24T23:30:27","slug":"ng-route-easton-capteur-de-puissance","status":"publish","type":"product","link":"https:\/\/www.power2max.com\/fr\/produit\/ng-route-easton-capteur-de-puissance\/","title":{"rendered":"NG Route Easton capteur de puissance"},"content":{"rendered":"<p>L&rsquo;\u00e9toile, avec capteur de puissance NG Route Easton est le capteur de puissance pour tous les cyclistes qui utilisent d\u00e9j\u00e0 manivelles Easton EC90 ou EA90. OU utiliser un p\u00e9dalier ELILEE XXE. L\u00e0 aussi, le p2m NG convient.<\/p>\n<p><b>Contenu:<\/b> Capteur de puissance avec couvercle en silicone, Guide de d\u00e9marrage rapide, C\u00e2ble pour recharger, Anneau color\u00e9 2D<\/p>\n","protected":false},"excerpt":{"rendered":"<p>L&rsquo;\u00e9toile, avec capteur de puissance NG Route Easton est le capteur de puissance pour tous les cyclistes qui utilisent d\u00e9j\u00e0 [&hellip;]<\/p>\n","protected":false},"featured_media":0,"comment_status":"open","ping_status":"closed","template":"","meta":[],"product_brand":[],"product_cat":[400,421],"product_tag":[],"model":[539],"class_list":{"0":"post-15511","1":"product","2":"type-product","3":"status-publish","5":"product_cat-11-fr","6":"product_cat-power-meter-fr","7":"model-easton","9":"first","10":"instock","11":"taxable","12":"shipping-taxable","13":"purchasable","14":"product-type-simple"},"acf":[],"_links":{"self":[{"href":"https:\/\/www.power2max.com\/fr\/wp-json\/wp\/v2\/product\/15511","targetHints":{"allow":["GET"]}}],"collection":[{"href":"https:\/\/www.power2max.com\/fr\/wp-json\/wp\/v2\/product"}],"about":[{"href":"https:\/\/www.power2max.com\/fr\/wp-json\/wp\/v2\/types\/product"}],"replies":[{"embeddable":true,"href":"https:\/\/www.power2max.com\/fr\/wp-json\/wp\/v2\/comments?post=15511"}],"wp:attachment":[{"href":"https:\/\/www.power2max.com\/fr\/wp-json\/wp\/v2\/media?parent=15511"}],"wp:term":[{"taxonomy":"product_brand","embeddable":true,"href":"https:\/\/www.power2max.com\/fr\/wp-json\/wp\/v2\/product_brand?post=15511"},{"taxonomy":"product_cat","embeddable":true,"href":"https:\/\/www.power2max.com\/fr\/wp-json\/wp\/v2\/product_cat?post=15511"},{"taxonomy":"product_tag","embeddable":true,"href":"https:\/\/www.power2max.com\/fr\/wp-json\/wp\/v2\/product_tag?post=15511"},{"taxonomy":"model","embeddable":true,"href":"https:\/\/www.power2max.com\/fr\/wp-json\/wp\/v2\/model?post=15511"}],"curies":[{"name":"wp","href":"https:\/\/api.w.org\/{rel}","templated":true}]}}