{"id":12915,"date":"2018-05-02T11:20:04","date_gmt":"2018-05-02T11:20:04","guid":{"rendered":"https:\/\/www.power2max.com\/product\/ngeco-route-easton-capteur-de-puissance\/"},"modified":"2026-04-21T12:32:42","modified_gmt":"2026-04-21T12:32:42","slug":"ngeco-route-easton-capteur-de-puissance","status":"publish","type":"product","link":"https:\/\/www.power2max.com\/fr\/produit\/ngeco-route-easton-capteur-de-puissance\/","title":{"rendered":"NGeco Route Easton capteur de puissance"},"content":{"rendered":"<p>Le capteur de puissance NGeco Road Easton est destin\u00e9 \u00e0 tous les cyclistes qui utilisent d\u00e9j\u00e0 un p\u00e9dalier <strong>Easton EC90 ou EA90, un p\u00e9dalier ELILEE XXE ou encore les nouveaux p\u00e9daliers Cybrei<\/strong>.<br \/>\nLe capteur de puissance s&rsquo;installe facilement sur votre p\u00e9dalier Easton compatible existant. Il vous suffit de disposer des boulons et des plateaux adapt\u00e9s.<\/p>\n<p><strong>Avec un poids d&rsquo;environ 125 g pour le capteur de puissance, la version 110 4-SL combin\u00e9e \u00e0 un p\u00e9dalier Easton EC90, Elilee ou Cybrei est actuellement notre combinaison de p\u00e9dalier<\/strong> avec capteur de puissance la plus l\u00e9g\u00e8re et environ 30 g plus l\u00e9g\u00e8re que la version \u00ab classique \u00bb 110 4-S.<\/p>\n<p><strong>Les fonctions Balance et Pedal Smoothness sont d\u00e9j\u00e0 activ\u00e9es.<\/strong><\/p>\n","protected":false},"excerpt":{"rendered":"<p>Le capteur de puissance NGeco Road Easton est destin\u00e9 \u00e0 tous les cyclistes qui utilisent d\u00e9j\u00e0 un p\u00e9dalier Easton EC90 [&hellip;]<\/p>\n","protected":false},"featured_media":0,"comment_status":"open","ping_status":"closed","template":"","meta":[],"product_brand":[],"product_cat":[401,421],"product_tag":[],"model":[],"class_list":{"0":"post-12915","1":"product","2":"type-product","3":"status-publish","5":"product_cat-12-fr","6":"product_cat-power-meter-fr","8":"first","9":"instock","10":"taxable","11":"shipping-taxable","12":"purchasable","13":"product-type-simple"},"acf":[],"_links":{"self":[{"href":"https:\/\/www.power2max.com\/fr\/wp-json\/wp\/v2\/product\/12915","targetHints":{"allow":["GET"]}}],"collection":[{"href":"https:\/\/www.power2max.com\/fr\/wp-json\/wp\/v2\/product"}],"about":[{"href":"https:\/\/www.power2max.com\/fr\/wp-json\/wp\/v2\/types\/product"}],"replies":[{"embeddable":true,"href":"https:\/\/www.power2max.com\/fr\/wp-json\/wp\/v2\/comments?post=12915"}],"wp:attachment":[{"href":"https:\/\/www.power2max.com\/fr\/wp-json\/wp\/v2\/media?parent=12915"}],"wp:term":[{"taxonomy":"product_brand","embeddable":true,"href":"https:\/\/www.power2max.com\/fr\/wp-json\/wp\/v2\/product_brand?post=12915"},{"taxonomy":"product_cat","embeddable":true,"href":"https:\/\/www.power2max.com\/fr\/wp-json\/wp\/v2\/product_cat?post=12915"},{"taxonomy":"product_tag","embeddable":true,"href":"https:\/\/www.power2max.com\/fr\/wp-json\/wp\/v2\/product_tag?post=12915"},{"taxonomy":"model","embeddable":true,"href":"https:\/\/www.power2max.com\/fr\/wp-json\/wp\/v2\/model?post=12915"}],"curies":[{"name":"wp","href":"https:\/\/api.w.org\/{rel}","templated":true}]}}