{"id":12079,"date":"2018-04-06T09:20:07","date_gmt":"2018-04-06T09:20:07","guid":{"rendered":"https:\/\/www.power2max.com\/product\/ngeco-vtt-praxis-capteur-de-puissance-mono-plat-standard\/"},"modified":"2025-11-03T16:40:15","modified_gmt":"2025-11-03T16:40:15","slug":"ngeco-vtt-praxis-capteur-de-puissance-mono-plat-standard","status":"publish","type":"product","link":"https:\/\/www.power2max.com\/fr\/produit\/ngeco-vtt-praxis-capteur-de-puissance-mono-plat-standard\/","title":{"rendered":"NGeco VTT Praxis capteur de puissance mono-plat (standard)"},"content":{"rendered":"<p>L&rsquo;\u00e9toile avec capteur de puissance NGeco VTT pour les manivelles Praxis en version 1x (standard) est le capteur de puissance pour tous les cyclistes qui ont d\u00e9j\u00e0 des manivelles Praxis avec Direct Mount avec 3 vis. L&rsquo;\u00e9toile avec capteur de puissance NGeco VTT pour manivelles Praxis (standard) est le bon capteur de puissance pour la ligne de cha\u00eene 49mm (Standard). Remarque : ce powermeter remplace le plateau de cha\u00eene Direct Mount. Pour pouvoir utiliser le Powermeter, un nouveau plateau avec un cercle de trous de 104mm et des vis de plateau correspondantes sont n\u00e9cessaires.<\/p>\n<p><strong>Les fonctions \u00c9quilibre et Souplesse de la p\u00e9dale sont d\u00e9j\u00e0 activ\u00e9es.<\/strong><\/p>\n","protected":false},"excerpt":{"rendered":"<p>L&rsquo;\u00e9toile avec capteur de puissance NGeco VTT pour les manivelles Praxis en version 1x (standard) est le capteur de puissance [&hellip;]<\/p>\n","protected":false},"featured_media":0,"comment_status":"open","ping_status":"closed","template":"","meta":[],"product_brand":[],"product_cat":[405,421],"product_tag":[],"model":[537],"class_list":{"0":"post-12079","1":"product","2":"type-product","3":"status-publish","5":"product_cat-22-fr","6":"product_cat-power-meter-fr","7":"model-praxisworks","9":"first","10":"instock","11":"taxable","12":"shipping-taxable","13":"purchasable","14":"product-type-simple"},"acf":[],"_links":{"self":[{"href":"https:\/\/www.power2max.com\/fr\/wp-json\/wp\/v2\/product\/12079","targetHints":{"allow":["GET"]}}],"collection":[{"href":"https:\/\/www.power2max.com\/fr\/wp-json\/wp\/v2\/product"}],"about":[{"href":"https:\/\/www.power2max.com\/fr\/wp-json\/wp\/v2\/types\/product"}],"replies":[{"embeddable":true,"href":"https:\/\/www.power2max.com\/fr\/wp-json\/wp\/v2\/comments?post=12079"}],"wp:attachment":[{"href":"https:\/\/www.power2max.com\/fr\/wp-json\/wp\/v2\/media?parent=12079"}],"wp:term":[{"taxonomy":"product_brand","embeddable":true,"href":"https:\/\/www.power2max.com\/fr\/wp-json\/wp\/v2\/product_brand?post=12079"},{"taxonomy":"product_cat","embeddable":true,"href":"https:\/\/www.power2max.com\/fr\/wp-json\/wp\/v2\/product_cat?post=12079"},{"taxonomy":"product_tag","embeddable":true,"href":"https:\/\/www.power2max.com\/fr\/wp-json\/wp\/v2\/product_tag?post=12079"},{"taxonomy":"model","embeddable":true,"href":"https:\/\/www.power2max.com\/fr\/wp-json\/wp\/v2\/model?post=12079"}],"curies":[{"name":"wp","href":"https:\/\/api.w.org\/{rel}","templated":true}]}}