{"id":11948,"date":"2018-04-03T12:35:02","date_gmt":"2018-04-03T12:35:02","guid":{"rendered":"https:\/\/www.power2max.com\/product\/ngeco-route-praxis-capteur-de-puissance\/"},"modified":"2025-10-30T14:56:20","modified_gmt":"2025-10-30T14:56:20","slug":"ngeco-route-praxis-capteur-de-puissance","status":"publish","type":"product","link":"https:\/\/www.power2max.com\/fr\/produit\/ngeco-route-praxis-capteur-de-puissance\/","title":{"rendered":"NGeco Route PraxisWorks capteur de puissance"},"content":{"rendered":"<p>Le capteur de puissance NGeco Road PraxisWorks est destin\u00e9 \u00e0 tous les cyclistes qui utilisent d\u00e9j\u00e0 un p\u00e9dalier PraxisWorks \u00e0 trois boulons de couple (c&rsquo;est-\u00e0-dire tous <strong>les nouveaux p\u00e9daliers modulaires Zayante M30 DM, Alba M30 DM et Zayante Carbon M30 DM<\/strong>). <strong>Attention : ce capteur de puissance n&rsquo;est pas compatible avec les plateaux gravel 48\/32.<\/strong> Le capteur de puissance NGeco mesure la puissance totale des deux jambes. De plus, il transmet votre cadence sans avoir besoin d&rsquo;un capteur de cadence externe.<\/p>\n<p><strong>Les fonctions Balance et Pedal Smoothness sont d\u00e9j\u00e0 activ\u00e9es.<\/strong><\/p>\n","protected":false},"excerpt":{"rendered":"<p>Le capteur de puissance NGeco Road PraxisWorks est destin\u00e9 \u00e0 tous les cyclistes qui utilisent d\u00e9j\u00e0 un p\u00e9dalier PraxisWorks \u00e0 [&hellip;]<\/p>\n","protected":false},"featured_media":0,"comment_status":"open","ping_status":"closed","template":"","meta":[],"product_brand":[],"product_cat":[401,421],"product_tag":[],"model":[],"class_list":{"0":"post-11948","1":"product","2":"type-product","3":"status-publish","5":"product_cat-12-fr","6":"product_cat-power-meter-fr","8":"first","9":"instock","10":"taxable","11":"shipping-taxable","12":"purchasable","13":"product-type-simple"},"acf":[],"_links":{"self":[{"href":"https:\/\/www.power2max.com\/fr\/wp-json\/wp\/v2\/product\/11948","targetHints":{"allow":["GET"]}}],"collection":[{"href":"https:\/\/www.power2max.com\/fr\/wp-json\/wp\/v2\/product"}],"about":[{"href":"https:\/\/www.power2max.com\/fr\/wp-json\/wp\/v2\/types\/product"}],"replies":[{"embeddable":true,"href":"https:\/\/www.power2max.com\/fr\/wp-json\/wp\/v2\/comments?post=11948"}],"wp:attachment":[{"href":"https:\/\/www.power2max.com\/fr\/wp-json\/wp\/v2\/media?parent=11948"}],"wp:term":[{"taxonomy":"product_brand","embeddable":true,"href":"https:\/\/www.power2max.com\/fr\/wp-json\/wp\/v2\/product_brand?post=11948"},{"taxonomy":"product_cat","embeddable":true,"href":"https:\/\/www.power2max.com\/fr\/wp-json\/wp\/v2\/product_cat?post=11948"},{"taxonomy":"product_tag","embeddable":true,"href":"https:\/\/www.power2max.com\/fr\/wp-json\/wp\/v2\/product_tag?post=11948"},{"taxonomy":"model","embeddable":true,"href":"https:\/\/www.power2max.com\/fr\/wp-json\/wp\/v2\/model?post=11948"}],"curies":[{"name":"wp","href":"https:\/\/api.w.org\/{rel}","templated":true}]}}