{"id":11530,"date":"2018-03-19T16:25:39","date_gmt":"2018-03-19T16:25:39","guid":{"rendered":"https:\/\/www.power2max.com\/?post_type=product&#038;p=11530"},"modified":"2025-11-14T09:51:13","modified_gmt":"2025-11-14T09:51:13","slug":"p2m-revue-pour-les-capteurs-de-puissance","status":"publish","type":"product","link":"https:\/\/www.power2max.com\/fr\/produit\/p2m-revue-pour-les-capteurs-de-puissance\/","title":{"rendered":"p2m Revue pour les capteurs de puissance"},"content":{"rendered":"<p>Notre revue pour les capteurs de puissance Type S, NG et NGeco (Constat initial). Ensuite, il sera d\u00e9cid\u00e9 ce qui peut encore \u00eatre r\u00e9par\u00e9 ou si un remplacement apr\u00e8s accident sera propos\u00e9.<\/p>\n","protected":false},"excerpt":{"rendered":"<p>Notre revue pour les capteurs de puissance Type S, NG et NGeco (Constat initial). Ensuite, il sera d\u00e9cid\u00e9 ce qui [&hellip;]<\/p>\n","protected":false},"featured_media":0,"comment_status":"closed","ping_status":"closed","template":"","meta":[],"product_cat":[394],"product_tag":[],"model":[],"acf":[],"_links":{"self":[{"href":"https:\/\/www.power2max.com\/fr\/wp-json\/wp\/v2\/product\/11530"}],"collection":[{"href":"https:\/\/www.power2max.com\/fr\/wp-json\/wp\/v2\/product"}],"about":[{"href":"https:\/\/www.power2max.com\/fr\/wp-json\/wp\/v2\/types\/product"}],"replies":[{"embeddable":true,"href":"https:\/\/www.power2max.com\/fr\/wp-json\/wp\/v2\/comments?post=11530"}],"wp:attachment":[{"href":"https:\/\/www.power2max.com\/fr\/wp-json\/wp\/v2\/media?parent=11530"}],"wp:term":[{"taxonomy":"product_cat","embeddable":true,"href":"https:\/\/www.power2max.com\/fr\/wp-json\/wp\/v2\/product_cat?post=11530"},{"taxonomy":"product_tag","embeddable":true,"href":"https:\/\/www.power2max.com\/fr\/wp-json\/wp\/v2\/product_tag?post=11530"},{"taxonomy":"model","embeddable":true,"href":"https:\/\/www.power2max.com\/fr\/wp-json\/wp\/v2\/model?post=11530"}],"curies":[{"name":"wp","href":"https:\/\/api.w.org\/{rel}","templated":true}]}}