{"id":10098,"date":"2018-02-21T13:43:25","date_gmt":"2018-02-26T15:03:19","guid":{"rendered":"https:\/\/www.power2max.com\/product\/boitier-de-pedalier-rotor-sabb-pour-bsa-ceramique\/"},"modified":"2026-04-12T10:46:50","modified_gmt":"2026-04-12T10:46:50","slug":"boitier-de-pedalier-rotor-sabb-pour-bsa-ceramique","status":"publish","type":"product","link":"https:\/\/www.power2max.com\/fr\/produit\/boitier-de-pedalier-rotor-sabb-pour-bsa-ceramique\/","title":{"rendered":"Bo\u00eetier de p\u00e9dalier Rotor SABB pour BSA &#8211; C\u00e9ramique"},"content":{"rendered":"<p>Bo\u00eetier de p\u00e9dalier pour Rotor 3D24 et FSA Gossamer<br \/>\nPour cadres avec filetage type BSA<br \/>\nDisponible en versions route et VTT<\/p>\n","protected":false},"excerpt":{"rendered":"<p>Bo\u00eetier de p\u00e9dalier pour Rotor 3D24 et FSA Gossamer Pour cadres avec filetage type BSA Disponible en versions route et [&hellip;]<\/p>\n","protected":false},"featured_media":0,"comment_status":"open","ping_status":"closed","template":"","meta":[],"product_brand":[],"product_cat":[393,414],"product_tag":[],"model":[],"class_list":{"0":"post-10098","1":"product","2":"type-product","3":"status-publish","5":"product_cat-4-fr","6":"product_cat-44-fr","8":"first","9":"instock","10":"taxable","11":"shipping-taxable","12":"purchasable","13":"product-type-simple"},"acf":[],"_links":{"self":[{"href":"https:\/\/www.power2max.com\/fr\/wp-json\/wp\/v2\/product\/10098","targetHints":{"allow":["GET"]}}],"collection":[{"href":"https:\/\/www.power2max.com\/fr\/wp-json\/wp\/v2\/product"}],"about":[{"href":"https:\/\/www.power2max.com\/fr\/wp-json\/wp\/v2\/types\/product"}],"replies":[{"embeddable":true,"href":"https:\/\/www.power2max.com\/fr\/wp-json\/wp\/v2\/comments?post=10098"}],"wp:attachment":[{"href":"https:\/\/www.power2max.com\/fr\/wp-json\/wp\/v2\/media?parent=10098"}],"wp:term":[{"taxonomy":"product_brand","embeddable":true,"href":"https:\/\/www.power2max.com\/fr\/wp-json\/wp\/v2\/product_brand?post=10098"},{"taxonomy":"product_cat","embeddable":true,"href":"https:\/\/www.power2max.com\/fr\/wp-json\/wp\/v2\/product_cat?post=10098"},{"taxonomy":"product_tag","embeddable":true,"href":"https:\/\/www.power2max.com\/fr\/wp-json\/wp\/v2\/product_tag?post=10098"},{"taxonomy":"model","embeddable":true,"href":"https:\/\/www.power2max.com\/fr\/wp-json\/wp\/v2\/model?post=10098"}],"curies":[{"name":"wp","href":"https:\/\/api.w.org\/{rel}","templated":true}]}}