{"id":9782,"date":"2018-02-21T11:26:16","date_gmt":"2018-02-21T11:26:16","guid":{"rendered":"https:\/\/www.power2max.com\/exclusion-premature-termination-right-revocation\/"},"modified":"2018-03-01T16:35:18","modified_gmt":"2018-03-01T16:35:18","slug":"exclusion-premature-termination-right-revocation","status":"publish","type":"page","link":"https:\/\/www.power2max.com\/fr\/exclusion-premature-termination-right-revocation\/","title":{"rendered":"Droit de r\u00e9vocation pour l&rsquo;achat de logiciels"},"content":{"rendered":"<p><strong>Exclusion ou r\u00e9siliation pr\u00e9matur\u00e9e du droit de r\u00e9vocation<\/strong><\/p>\n<p>J&rsquo;accepte que mon droit de r\u00e9vocation de 14 jours ne s&rsquo;applique pas aux contrats contenu num\u00e9rique, qui ne sont pas fournis en volume physique. En outre, je suis conscient que le droit de r\u00e9vocation expire pr\u00e9matur\u00e9ment si power2max \/ Saxonar a commenc\u00e9 l&rsquo;ex\u00e9cution du contrat apr\u00e8s avoir accept\u00e9 de perdre mon droit de r\u00e9vocation en achetant du contenu num\u00e9rique sur www.power2max.com.<\/p>\n<p>&nbsp;<\/p>\n","protected":false},"excerpt":{"rendered":"<p>Exclusion ou r\u00e9siliation pr\u00e9matur\u00e9e du droit de r\u00e9vocation J&rsquo;accepte que mon droit de r\u00e9vocation de 14 jours ne s&rsquo;applique pas [&hellip;]<\/p>\n","protected":false},"author":6,"featured_media":0,"parent":0,"menu_order":0,"comment_status":"closed","ping_status":"closed","template":"","meta":{"footnotes":""},"product_cat":[],"class_list":["post-9782","page","type-page","status-publish","hentry"],"acf":[],"_links":{"self":[{"href":"https:\/\/www.power2max.com\/fr\/wp-json\/wp\/v2\/pages\/9782","targetHints":{"allow":["GET"]}}],"collection":[{"href":"https:\/\/www.power2max.com\/fr\/wp-json\/wp\/v2\/pages"}],"about":[{"href":"https:\/\/www.power2max.com\/fr\/wp-json\/wp\/v2\/types\/page"}],"author":[{"embeddable":true,"href":"https:\/\/www.power2max.com\/fr\/wp-json\/wp\/v2\/users\/6"}],"replies":[{"embeddable":true,"href":"https:\/\/www.power2max.com\/fr\/wp-json\/wp\/v2\/comments?post=9782"}],"version-history":[{"count":3,"href":"https:\/\/www.power2max.com\/fr\/wp-json\/wp\/v2\/pages\/9782\/revisions"}],"predecessor-version":[{"id":10431,"href":"https:\/\/www.power2max.com\/fr\/wp-json\/wp\/v2\/pages\/9782\/revisions\/10431"}],"wp:attachment":[{"href":"https:\/\/www.power2max.com\/fr\/wp-json\/wp\/v2\/media?parent=9782"}],"wp:term":[{"taxonomy":"product_cat","embeddable":true,"href":"https:\/\/www.power2max.com\/fr\/wp-json\/wp\/v2\/product_cat?post=9782"}],"curies":[{"name":"wp","href":"https:\/\/api.w.org\/{rel}","templated":true}]}}