{"id":5622,"date":"2017-08-07T12:00:43","date_gmt":"2017-08-07T12:00:43","guid":{"rendered":"https:\/\/www.power2max.com\/spider-based-power-meters\/"},"modified":"2018-01-29T13:23:49","modified_gmt":"2018-01-29T13:23:49","slug":"capteurs-de-puissance-spider-based","status":"publish","type":"page","link":"https:\/\/www.power2max.com\/fr\/capteurs-de-puissance-spider-based\/","title":{"rendered":"Capteurs de puissance \u00ab\u00a0spider based\u00a0\u00bb"},"content":{"rendered":"<p>D\u00e9couvrez les avantages des capteurs de puissance situ\u00e9s sur l&rsquo;\u00e9toile des manivelles!<\/p>\n","protected":false},"excerpt":{"rendered":"<p>D\u00e9couvrez les avantages des capteurs de puissance situ\u00e9s sur l&rsquo;\u00e9toile des manivelles!<\/p>\n","protected":false},"author":1,"featured_media":4426,"parent":0,"menu_order":0,"comment_status":"closed","ping_status":"closed","template":"page-templates\/page-about.php","meta":{"footnotes":""},"product_cat":[],"class_list":["post-5622","page","type-page","status-publish","has-post-thumbnail","hentry"],"acf":[],"_links":{"self":[{"href":"https:\/\/www.power2max.com\/fr\/wp-json\/wp\/v2\/pages\/5622","targetHints":{"allow":["GET"]}}],"collection":[{"href":"https:\/\/www.power2max.com\/fr\/wp-json\/wp\/v2\/pages"}],"about":[{"href":"https:\/\/www.power2max.com\/fr\/wp-json\/wp\/v2\/types\/page"}],"author":[{"embeddable":true,"href":"https:\/\/www.power2max.com\/fr\/wp-json\/wp\/v2\/users\/1"}],"replies":[{"embeddable":true,"href":"https:\/\/www.power2max.com\/fr\/wp-json\/wp\/v2\/comments?post=5622"}],"version-history":[{"count":4,"href":"https:\/\/www.power2max.com\/fr\/wp-json\/wp\/v2\/pages\/5622\/revisions"}],"predecessor-version":[{"id":7955,"href":"https:\/\/www.power2max.com\/fr\/wp-json\/wp\/v2\/pages\/5622\/revisions\/7955"}],"wp:featuredmedia":[{"embeddable":true,"href":"https:\/\/www.power2max.com\/fr\/wp-json\/wp\/v2\/media\/4426"}],"wp:attachment":[{"href":"https:\/\/www.power2max.com\/fr\/wp-json\/wp\/v2\/media?parent=5622"}],"wp:term":[{"taxonomy":"product_cat","embeddable":true,"href":"https:\/\/www.power2max.com\/fr\/wp-json\/wp\/v2\/product_cat?post=5622"}],"curies":[{"name":"wp","href":"https:\/\/api.w.org\/{rel}","templated":true}]}}