{"id":5265,"date":"2017-07-19T14:15:57","date_gmt":"2017-07-19T14:15:57","guid":{"rendered":"https:\/\/www.power2max.com\/about-power2max\/"},"modified":"2018-02-21T10:59:03","modified_gmt":"2018-02-21T10:59:03","slug":"nous-sommes-power2max","status":"publish","type":"page","link":"https:\/\/www.power2max.com\/fr\/nous-sommes-power2max\/","title":{"rendered":"Nous sommes power2max"},"content":{"rendered":"<p>Notre histoire commence en 2006, lorsque l&rsquo;id\u00e9e de d\u00e9velopper un capteur de puissance est n\u00e9e. \u00c0 l&rsquo;\u00e9poque, les fondateurs de p2m travaillaient dans l&rsquo;industrie automobile, d\u00e9veloppant et fabriquant des produits wireless pour les meilleurs fabricants. En tant que bons cyclistes passionn\u00e9s par la technologie, Marco et Andreas se sont montr\u00e9s tr\u00e8s int\u00e9ress\u00e9s par la formation avec puissance mais n&rsquo;ont pas trouv\u00e9 le bon produit pour eux. Les capteurs de puissance disponibles \u00e0 cette \u00e9poque \u00e9taient soit tr\u00e8s chers, soit ne remplissaient pas leurs pr\u00e9tentions techniques en termes de pr\u00e9cision et de fiabilit\u00e9.<\/p>\n<p>L&rsquo;objectif \u00e9tait clair: d\u00e9velopper un capteur de puissance fiable, facile \u00e0 utiliser, pr\u00e9cis et \u00e0 un prix \u00e9quitable!<\/p>\n<p>&nbsp;<\/p>\n","protected":false},"excerpt":{"rendered":"<p>Notre histoire commence en 2006, lorsque l&rsquo;id\u00e9e de d\u00e9velopper un capteur de puissance est n\u00e9e. \u00c0 l&rsquo;\u00e9poque, les fondateurs de [&hellip;]<\/p>\n","protected":false},"author":1,"featured_media":4918,"parent":0,"menu_order":0,"comment_status":"closed","ping_status":"closed","template":"page-templates\/page-about.php","meta":{"footnotes":""},"product_cat":[],"class_list":["post-5265","page","type-page","status-publish","has-post-thumbnail","hentry"],"acf":[],"_links":{"self":[{"href":"https:\/\/www.power2max.com\/fr\/wp-json\/wp\/v2\/pages\/5265","targetHints":{"allow":["GET"]}}],"collection":[{"href":"https:\/\/www.power2max.com\/fr\/wp-json\/wp\/v2\/pages"}],"about":[{"href":"https:\/\/www.power2max.com\/fr\/wp-json\/wp\/v2\/types\/page"}],"author":[{"embeddable":true,"href":"https:\/\/www.power2max.com\/fr\/wp-json\/wp\/v2\/users\/1"}],"replies":[{"embeddable":true,"href":"https:\/\/www.power2max.com\/fr\/wp-json\/wp\/v2\/comments?post=5265"}],"version-history":[{"count":7,"href":"https:\/\/www.power2max.com\/fr\/wp-json\/wp\/v2\/pages\/5265\/revisions"}],"predecessor-version":[{"id":9769,"href":"https:\/\/www.power2max.com\/fr\/wp-json\/wp\/v2\/pages\/5265\/revisions\/9769"}],"wp:featuredmedia":[{"embeddable":true,"href":"https:\/\/www.power2max.com\/fr\/wp-json\/wp\/v2\/media\/4918"}],"wp:attachment":[{"href":"https:\/\/www.power2max.com\/fr\/wp-json\/wp\/v2\/media?parent=5265"}],"wp:term":[{"taxonomy":"product_cat","embeddable":true,"href":"https:\/\/www.power2max.com\/fr\/wp-json\/wp\/v2\/product_cat?post=5265"}],"curies":[{"name":"wp","href":"https:\/\/api.w.org\/{rel}","templated":true}]}}