{"id":5261,"date":"2017-11-06T14:58:53","date_gmt":"2017-11-06T14:58:53","guid":{"rendered":"https:\/\/www.power2max.com\/right-of-revocation\/"},"modified":"2018-09-10T13:45:55","modified_gmt":"2018-09-10T13:45:55","slug":"right-of-revocation","status":"publish","type":"page","link":"https:\/\/www.power2max.com\/fr\/right-of-revocation\/","title":{"rendered":"Droit de R\u00e9vocation"},"content":{"rendered":"<p><strong>Instructions sur le droit de r\u00e9vocation des consommateurs<\/strong><\/p>\n<p><strong>Droit de r\u00e9vocation<\/strong><\/p>\n<p>Vous avez le droit de r\u00e9voquer ce contrat dans les quatorze jours sans donner de raisons. La dur\u00e9e de la r\u00e9vocation est de quatorze jours \u00e0 compter de la date \u00e0 laquelle vous ou un tiers d\u00e9sign\u00e9 par vous, autre que le transporteur, avez pris possession des marchandises.<\/p>\n<p>Pour exercer son droit de r\u00e9tractation, vous devez nous en informer (Saxonar GmbH, Hauptstra\u00dfe 54, 02906 Waldhufen OT Nieder Seifersdorf, Allemagne, T\u00e9l\u00e9phone: + 49 3 58 27 \u2013 84 99 1190, E-Mail: support [at] power2max.de) par une d\u00e9claration claire (par exemple, par lettre envoy\u00e9e par courrier ou par courriel) au sujet de votre d\u00e9cision de r\u00e9voquer ce contrat. Vous pouvez utiliser l&rsquo;exemple de formulaire de r\u00e9vocation \u00e0 cette fin, mais ce n&rsquo;est pas obligatoire.<\/p>\n<p>Pour respecter le d\u00e9lai de r\u00e9tractation, il suffit que vous envoyiez la notification relative \u00e0 l&rsquo;exercice du droit de r\u00e9tractation avant l&rsquo;expiration du d\u00e9lai de r\u00e9tractation.<\/p>\n<p>&nbsp;<\/p>\n<p><strong>Cons\u00e9quences de la r\u00e9vocation<\/strong><\/p>\n<p>Si vous r\u00e9silier le contrat doit rembourser tous les paiements que nous avons re\u00e7us de votre part, y compris les frais d&rsquo;envoi (\u00e0 l&rsquo;exception des co\u00fbts suppl\u00e9mentaires d&rsquo;avoir choisi un autre type de livraison de notre livraison standard bon march\u00e9) sans retard excessif et, au plus tard, dans les quatorze jours suivant la date \u00e0 laquelle nous recevons un avis de r\u00e9vocation du pr\u00e9sent contrat. Pour ce remboursement, nous utilisons le m\u00eame moyen de paiement que celui utilis\u00e9 lors de la transaction initiale, \u00e0 moins que quelque chose de diff\u00e9rent n&rsquo;ait \u00e9t\u00e9 express\u00e9ment convenu avec vous; Nous ne vous facturerons jamais de frais en rapport avec ce remboursement.<\/p>\n<p>Nous pouvons refuser le remboursement jusqu&rsquo;\u00e0 ce que nous ayons re\u00e7u les produits retourn\u00e9s ou jusqu&rsquo;\u00e0 ce que vous nous ayez montr\u00e9 que vous avez retourn\u00e9 la marchandise, en fonction de la voie la plus rapide.<\/p>\n<p>Vous devez retourner ou retourner les produits dans les plus brefs d\u00e9lais et, dans tous les cas, au plus tard quatorze jours apr\u00e8s la date \u00e0 laquelle vous nous avez inform\u00e9s de la r\u00e9vocation de ce contrat. Le d\u00e9lai est respect\u00e9 si vous envoyez les marchandises avant l&rsquo;expiration de la p\u00e9riode de quatorze jours. Vous assumez les co\u00fbts directs du retour des produits.<\/p>\n<p>Ne doit rembourser toute perte de valeur des actifs si la d\u00e9pr\u00e9ciation est attribuable au traitement des marchandises qui ne sont pas n\u00e9cessaires \u00e0 l&rsquo;examen de l&rsquo;\u00e9tat, les caract\u00e9ristiques et le mode de fonctionnement des produits.<\/p>\n<p>&nbsp;<\/p>\n<p><strong>Exclusion ou expiration anticip\u00e9e du droit de r\u00e9vocation<\/strong><\/p>\n<p>Le droit de r\u00e9vocation n&rsquo;existe pas en cas de contrat<\/p>\n<ul>\n<li>pour la livraison de produits qui ne sont pas pr\u00e9fabriqu\u00e9s et pour la fabrication desquels un choix individuel ou une sp\u00e9cification par le client est n\u00e9cessaire, ou qui sont clairement adapt\u00e9s aux besoins personnels du consommateur;<\/li>\n<\/ul>\n<p>Le droit de r\u00e9vocation expire pr\u00e9matur\u00e9ment dans le cas de contrats<\/p>\n<ul>\n<li>pour la livraison de marchandises si celles-ci sont inextricablement m\u00e9lang\u00e9es avec d&rsquo;autres marchandises apr\u00e8s la livraison, en raison de leur \u00e9tat;<\/li>\n<li>pour la livraison d&rsquo;enregistrements sonores ou vid\u00e9o ou de logiciels dans des conteneurs scell\u00e9s si le scell\u00e9 a \u00e9t\u00e9 retir\u00e9 apr\u00e8s la livraison.<\/li>\n<\/ul>\n<hr \/>\n<p><strong>Exemple de formulaire de r\u00e9vocation<\/strong><\/p>\n<p>(Si vous souhaitez r\u00e9voquer le contrat, remplissez ce formulaire et envoyez-le \u00e0 nouveau).<\/p>\n<p>&nbsp;<\/p>\n<ul>\n<li>Pour Saxonar GmbH, Hauptstra\u00dfe 54, 02906 Waldhufen OT Nieder Seifersdorf, Allemagne, T\u00e9l\u00e9phone: +49 35827-849889, E-mail: support [at] power2max.de:<\/li>\n<li>Je \/ Nous r\u00e9voquons le contrat sign\u00e9 par moi \/ nous (*) pour l&rsquo;achat des produits suivants (*) \/ prestation des services suivants (*)<br \/>\nCommandez le (*) \/ re\u00e7u le (*)<\/li>\n<li>Nom du (des) consommateur (*)<\/li>\n<li>Adresse du ou des consommateurs<\/li>\n<li>Signature du (des) consommateur (*) (uniquement en cas de notification papier)<\/li>\n<li>Date<br \/>\n__________<\/li>\n<\/ul>\n<p>(*) Supprimer le cas \u00e9ch\u00e9ant.<\/p>\n","protected":false},"excerpt":{"rendered":"<p>Instructions sur le droit de r\u00e9vocation des consommateurs Droit de r\u00e9vocation Vous avez le droit de r\u00e9voquer ce contrat dans [&hellip;]<\/p>\n","protected":false},"author":1,"featured_media":4908,"parent":0,"menu_order":0,"comment_status":"closed","ping_status":"closed","template":"","meta":{"footnotes":""},"product_cat":[],"class_list":["post-5261","page","type-page","status-publish","has-post-thumbnail","hentry"],"acf":[],"_links":{"self":[{"href":"https:\/\/www.power2max.com\/fr\/wp-json\/wp\/v2\/pages\/5261","targetHints":{"allow":["GET"]}}],"collection":[{"href":"https:\/\/www.power2max.com\/fr\/wp-json\/wp\/v2\/pages"}],"about":[{"href":"https:\/\/www.power2max.com\/fr\/wp-json\/wp\/v2\/types\/page"}],"author":[{"embeddable":true,"href":"https:\/\/www.power2max.com\/fr\/wp-json\/wp\/v2\/users\/1"}],"replies":[{"embeddable":true,"href":"https:\/\/www.power2max.com\/fr\/wp-json\/wp\/v2\/comments?post=5261"}],"version-history":[{"count":5,"href":"https:\/\/www.power2max.com\/fr\/wp-json\/wp\/v2\/pages\/5261\/revisions"}],"predecessor-version":[{"id":17217,"href":"https:\/\/www.power2max.com\/fr\/wp-json\/wp\/v2\/pages\/5261\/revisions\/17217"}],"wp:featuredmedia":[{"embeddable":true,"href":"https:\/\/www.power2max.com\/fr\/wp-json\/wp\/v2\/media\/4908"}],"wp:attachment":[{"href":"https:\/\/www.power2max.com\/fr\/wp-json\/wp\/v2\/media?parent=5261"}],"wp:term":[{"taxonomy":"product_cat","embeddable":true,"href":"https:\/\/www.power2max.com\/fr\/wp-json\/wp\/v2\/product_cat?post=5261"}],"curies":[{"name":"wp","href":"https:\/\/api.w.org\/{rel}","templated":true}]}}