{"id":5247,"date":"2017-08-03T15:56:17","date_gmt":"2017-08-03T15:56:17","guid":{"rendered":"https:\/\/www.power2max.com\/imprint\/"},"modified":"2018-09-10T13:31:26","modified_gmt":"2018-09-10T13:31:26","slug":"empreinte","status":"publish","type":"page","link":"https:\/\/www.power2max.com\/fr\/empreinte\/","title":{"rendered":"Empreinte"},"content":{"rendered":"<p>Saxonar GmbH<br \/>\nHauptstra\u00dfe 54<br \/>\n02906 Waldhufen OT Nieder Seifersdorf<br \/>\nGermany<\/p>\n<p>T\u00e9l\u00e9phone: + 49 3 58 27 \u2013 84 99 1190<\/p>\n<p>E-Mail:\u00a0support[at]power2max.de<br \/>\nWeb:\u00a0www.power2max.com<\/p>\n<p>Director: Dipl.-Ing. (FH) Andreas G\u00f6rnitz<br \/>\nEnregistrement commercial: Register Court Dresden<br \/>\nNumero de registre: HRB 26716<br \/>\nVAT-ID: DE260186022<\/p>\n<p>&nbsp;<\/p>\n<hr \/>\n<p><strong>Exclusion de responsabilit\u00e9<\/strong><\/p>\n<p><strong>1. Contenu de l&rsquo;offre en ligne<\/strong><\/p>\n<p>L&rsquo;auteur ne garantit pas que les informations fournies sont mises \u00e0 jour, correctes, compl\u00e8tes ou d&rsquo;une qualit\u00e9 particuli\u00e8re. Les r\u00e9clamations de responsabilit\u00e9 contre l&rsquo;auteur relatives \u00e0 des dommages de nature mat\u00e9rielle ou id\u00e9ale r\u00e9sultant de l&rsquo;utilisation ou de la non-utilisation des informations fournies et \/ ou de l&rsquo;utilisation d&rsquo;informations incompl\u00e8tes ou incompl\u00e8tes sont exclues en principe, sauf s&rsquo;il peut \u00eatre d\u00e9montr\u00e9 que l&rsquo;auteur \u00e9tait en faute en raison d&rsquo;une intention ou d&rsquo;une n\u00e9gligence grave.<\/p>\n<p>Toutes les offres sont sans engagement et sans engagement. L&rsquo;auteur se r\u00e9serve express\u00e9ment le droit de modifier, de compl\u00e9ter ou d&rsquo;annuler des parties de la page ou l&rsquo;int\u00e9gralit\u00e9 de l&rsquo;offre sans pr\u00e9avis, ou d&rsquo;arr\u00eater la publication en totalit\u00e9 ou en partie.<\/p>\n<p><strong>2. R\u00e9solution des litiges en ligne:<\/strong><br \/>\nLa commission europ\u00e9enne met en place une plate-forme extra-judiciaire de r\u00e9solution des litiges. Celle-ci donne l\u2019opportunit\u00e9 aux consommateurs de r\u00e9gler leurs diff\u00e9rents relatifs aux commandes en ligne sans passer par la voie judiciaire qui implique des tribunaux et des juges. Ce proc\u00e9d\u00e9 de r\u00e9solution des litiges est disponible via le lien:\u00a0<a href=\"https:\/\/ec.europa.eu\/consumers\/odr\/main\/?event=main.home2.show\">https:\/\/ec.europa.eu\/consumers\/odr\/main\/?event=main.home2.show<\/a>.<\/p>\n<p><strong>3 R\u00e9f\u00e9rences et liens<\/strong><\/p>\n<p>En cas de r\u00e9f\u00e9rences directes ou indirectes \u00e0 d&rsquo;autres sites (\u00ab\u00a0hyperliens\u00a0\u00bb) en dehors de la sph\u00e8re d&rsquo;influence de l&rsquo;auteur, une obligation de responsabilit\u00e9 ne se poserait que si l&rsquo;auteur avait connaissance du contenu et qu&rsquo;il serait techniquement possible et raisonnable de il \u00e9vite de l&rsquo;utiliser en cas de contenu ill\u00e9gal. L&rsquo;auteur d\u00e9clare express\u00e9ment qu&rsquo;au moment de la configuration du lien, les contenus illicites ne pouvaient pas \u00eatre distingu\u00e9s dans les pages \u00e0 lier. L&rsquo;auteur n&rsquo;a aucune influence sur la conception actuelle et future, le contenu ou la paternit\u00e9 des pages li\u00e9es \/ connect\u00e9es. Pour cette raison, il se distancie express\u00e9ment de tout le contenu de toutes les pages li\u00e9es \/ connect\u00e9es.<\/p>\n<p>Ceci s&rsquo;applique \u00e0 tous les liens et r\u00e9f\u00e9rences \u00e9tablis dans l&rsquo;offre Internet elle-m\u00eame et pour les entr\u00e9es tierces dans les livres d&rsquo;or, forums de discussion, listes de liens, listes de diffusion et dans toutes les autres formes de bases de donn\u00e9es qui permettent acc\u00e8s en \u00e9criture externe \u00e0 son contenu. Le fournisseur de la page r\u00e9f\u00e9renc\u00e9e est exclusivement responsable des contenus ill\u00e9gaux, d\u00e9fectueux ou incomplets et en particulier des dommages r\u00e9sultant de l&rsquo;utilisation ou de la non-utilisation desdites informations propos\u00e9es, et non de la personne qui se r\u00e9f\u00e8re simplement \u00e0 la publication concern\u00e9e \u00e0 travers des liens.<\/p>\n<p><strong>4. Droit d&rsquo;auteur et \u00e9tiquetage<\/strong><\/p>\n<p>Dans toutes les publications, l&rsquo;auteur s&rsquo;efforce de respecter le droit d&rsquo;auteur des images, graphiques, documents sonores, s\u00e9quences vid\u00e9o et textes utilis\u00e9s, d&rsquo;utiliser leurs propres images, graphiques, documents sonores, s\u00e9quences vid\u00e9o et textes ou utiliser des images, des graphiques et des documents sonores. , s\u00e9quences vid\u00e9o et textes sans licence. Toutes les marques et marques commerciales sp\u00e9cifi\u00e9es dans l&rsquo;offre Internet et \u00e9ventuellement prot\u00e9g\u00e9es par des tiers sont soumises sans restriction aux dispositions de la loi d&rsquo;\u00e9tiquetage applicable et aux droits de propri\u00e9t\u00e9 du propri\u00e9taire enregistr\u00e9 respectif. La simple d\u00e9signation elle-m\u00eame ne permet pas de conclure que les marques ne sont pas prot\u00e9g\u00e9es par les droits de tiers. Le copyright des articles publi\u00e9s cr\u00e9\u00e9s par l&rsquo;auteur reste exclusif \u00e0 l&rsquo;auteur des pages. La reproduction ou l&rsquo;utilisation de tels graphiques, documents sonores, s\u00e9quences vid\u00e9o et textes dans d&rsquo;autres publications \u00e9lectroniques ou imprim\u00e9es n&rsquo;est pas autoris\u00e9e sans le consentement expr\u00e8s de l&rsquo;auteur.<\/p>\n<p><strong>5. Protection des donn\u00e9es<\/strong><\/p>\n<p>Si l&rsquo;offre Internet offre la possibilit\u00e9 d&rsquo;entrer des donn\u00e9es personnelles ou professionnelles (adresses e-mail, noms, adresses), l&rsquo;utilisateur r\u00e9v\u00e8le volontairement ces donn\u00e9es. L&rsquo;utilisation et (\u00e9ventuellement) le paiement de tous les services offerts sont, dans la mesure o\u00f9 cela est techniquement possible et raisonnable, autoris\u00e9s m\u00eame sans la fourniture de ces donn\u00e9es ou avec la fourniture de donn\u00e9es anonymes ou pseudonymes. L&rsquo;utilisation par des tiers des donn\u00e9es de contact publi\u00e9es dans l&rsquo;imprim\u00e9 ou des informations similaires, telles que les adresses postales, num\u00e9ros de t\u00e9l\u00e9phone et de t\u00e9l\u00e9copie, ainsi que des adresses e-mail pour envoyer des informations non express\u00e9ment demand\u00e9es. Le droit est express\u00e9ment r\u00e9serv\u00e9 d&rsquo;intenter une action en justice contre les exp\u00e9diteurs des courriels soi-disant ind\u00e9sirables en cas de violation de cette interdiction. Ce site utilise Google Analytics, un service d&rsquo;analyse Web de Google Inc. (\u00ab\u00a0Google\u00a0\u00bb). Google Analytics utilise des \u00ab\u00a0cookies\u00a0\u00bb, des fichiers texte stock\u00e9s sur votre ordinateur et permettant d&rsquo;analyser votre utilisation du site. Les informations g\u00e9n\u00e9r\u00e9es par les cookies concernant votre utilisation de ce site (y compris votre adresse IP) sont transmises \u00e0 un serveur de Google aux \u00c9tats-Unis. Et il est stock\u00e9 l\u00e0. Google utilisera ces informations pour \u00e9valuer votre utilisation du site Web, collecter des rapports sur les activit\u00e9s du site Web pour les op\u00e9rateurs de site Web et effectuer des services suppl\u00e9mentaires li\u00e9s au site Web et \u00e0 l&rsquo;utilisation d&rsquo;Internet. Google peut \u00e9galement transmettre ces informations \u00e0 des tiers si cela est prescrit par la loi ou dans la mesure o\u00f9 des tiers traitent ces donn\u00e9es en suivant les instructions de Google. Google ne conna\u00eetra en aucun cas votre adresse IP avec d&rsquo;autres donn\u00e9es stock\u00e9es par Google. Vous pouvez emp\u00eacher l&rsquo;installation de cookies via une configuration correspondant \u00e0 votre logiciel de navigation; Cependant, nous indiquons que dans ce cas, il est possible que vous ne puissiez pas utiliser toutes les fonctions de ce site dans son int\u00e9gralit\u00e9. En utilisant ce site Web, vous d\u00e9clarez accepter le traitement des donn\u00e9es recueillies \u00e0 votre sujet par Google de la mani\u00e8re d\u00e9crite ci-dessus et aux fins pr\u00e9cis\u00e9es ci-dessus.<\/p>\n<p><strong>6. Validit\u00e9 juridique de cette exclusion de responsabilit\u00e9<\/strong><\/p>\n<p>Cette exclusion de responsabilit\u00e9 doit \u00eatre consid\u00e9r\u00e9e comme faisant partie de l&rsquo;offre Internet \u00e0 partir de laquelle cette page est r\u00e9f\u00e9renc\u00e9e. Si les parties ou les formulations individuelles de ce texte ne sont pas conformes, ne sont plus ajust\u00e9es ou ne sont pas enti\u00e8rement conformes \u00e0 la situation juridique en vigueur, les parties restantes de ce document ne seront pas affect\u00e9es en termes de contenu et de validit\u00e9.<\/p>\n","protected":false},"excerpt":{"rendered":"<p>Saxonar GmbH Hauptstra\u00dfe 54 02906 Waldhufen OT Nieder Seifersdorf Germany T\u00e9l\u00e9phone: + 49 3 58 27 \u2013 84 99 1190 [&hellip;]<\/p>\n","protected":false},"author":1,"featured_media":4466,"parent":0,"menu_order":0,"comment_status":"closed","ping_status":"closed","template":"","meta":{"footnotes":""},"product_cat":[],"class_list":["post-5247","page","type-page","status-publish","has-post-thumbnail","hentry"],"acf":[],"_links":{"self":[{"href":"https:\/\/www.power2max.com\/fr\/wp-json\/wp\/v2\/pages\/5247","targetHints":{"allow":["GET"]}}],"collection":[{"href":"https:\/\/www.power2max.com\/fr\/wp-json\/wp\/v2\/pages"}],"about":[{"href":"https:\/\/www.power2max.com\/fr\/wp-json\/wp\/v2\/types\/page"}],"author":[{"embeddable":true,"href":"https:\/\/www.power2max.com\/fr\/wp-json\/wp\/v2\/users\/1"}],"replies":[{"embeddable":true,"href":"https:\/\/www.power2max.com\/fr\/wp-json\/wp\/v2\/comments?post=5247"}],"version-history":[{"count":6,"href":"https:\/\/www.power2max.com\/fr\/wp-json\/wp\/v2\/pages\/5247\/revisions"}],"predecessor-version":[{"id":17210,"href":"https:\/\/www.power2max.com\/fr\/wp-json\/wp\/v2\/pages\/5247\/revisions\/17210"}],"wp:featuredmedia":[{"embeddable":true,"href":"https:\/\/www.power2max.com\/fr\/wp-json\/wp\/v2\/media\/4466"}],"wp:attachment":[{"href":"https:\/\/www.power2max.com\/fr\/wp-json\/wp\/v2\/media?parent=5247"}],"wp:term":[{"taxonomy":"product_cat","embeddable":true,"href":"https:\/\/www.power2max.com\/fr\/wp-json\/wp\/v2\/product_cat?post=5247"}],"curies":[{"name":"wp","href":"https:\/\/api.w.org\/{rel}","templated":true}]}}