{"id":5224,"date":"2017-08-07T11:59:19","date_gmt":"2017-08-07T11:59:19","guid":{"rendered":"https:\/\/www.power2max.com\/p2m-finder\/"},"modified":"2018-01-29T12:57:10","modified_gmt":"2018-01-29T12:57:10","slug":"trouver-votre-p2m","status":"publish","type":"page","link":"https:\/\/www.power2max.com\/fr\/trouver-votre-p2m\/","title":{"rendered":"Trouver votre p2m"},"content":{"rendered":"<p style=\"text-align: center;\">Trouver le bon capteur de puissance pour votre v\u00e9lo est une t\u00e2che facile. Fondamentalement, vous avez seulement besoin de r\u00e9pondre \u00e0 3 questions:<\/p>\n<p style=\"text-align: center;\">Combien d&rsquo;argent voulez-vous investir?<\/p>\n<p style=\"text-align: center;\">Quelles manivelles avez-vous actuellement sur votre v\u00e9lo?<\/p>\n<p style=\"text-align: center;\">Quelle est la taille des plats que vous voulez utiliser?<\/p>\n<p>&nbsp;<\/p>\n","protected":false},"excerpt":{"rendered":"<p>Trouver le bon capteur de puissance pour votre v\u00e9lo est une t\u00e2che facile. Fondamentalement, vous avez seulement besoin de r\u00e9pondre [&hellip;]<\/p>\n","protected":false},"author":1,"featured_media":4376,"parent":0,"menu_order":0,"comment_status":"closed","ping_status":"closed","template":"page-templates\/page-about.php","meta":{"footnotes":""},"product_cat":[],"class_list":["post-5224","page","type-page","status-publish","has-post-thumbnail","hentry"],"acf":[],"_links":{"self":[{"href":"https:\/\/www.power2max.com\/fr\/wp-json\/wp\/v2\/pages\/5224","targetHints":{"allow":["GET"]}}],"collection":[{"href":"https:\/\/www.power2max.com\/fr\/wp-json\/wp\/v2\/pages"}],"about":[{"href":"https:\/\/www.power2max.com\/fr\/wp-json\/wp\/v2\/types\/page"}],"author":[{"embeddable":true,"href":"https:\/\/www.power2max.com\/fr\/wp-json\/wp\/v2\/users\/1"}],"replies":[{"embeddable":true,"href":"https:\/\/www.power2max.com\/fr\/wp-json\/wp\/v2\/comments?post=5224"}],"version-history":[{"count":2,"href":"https:\/\/www.power2max.com\/fr\/wp-json\/wp\/v2\/pages\/5224\/revisions"}],"predecessor-version":[{"id":5804,"href":"https:\/\/www.power2max.com\/fr\/wp-json\/wp\/v2\/pages\/5224\/revisions\/5804"}],"wp:featuredmedia":[{"embeddable":true,"href":"https:\/\/www.power2max.com\/fr\/wp-json\/wp\/v2\/media\/4376"}],"wp:attachment":[{"href":"https:\/\/www.power2max.com\/fr\/wp-json\/wp\/v2\/media?parent=5224"}],"wp:term":[{"taxonomy":"product_cat","embeddable":true,"href":"https:\/\/www.power2max.com\/fr\/wp-json\/wp\/v2\/product_cat?post=5224"}],"curies":[{"name":"wp","href":"https:\/\/api.w.org\/{rel}","templated":true}]}}