{"id":6658,"date":"2017-12-13T15:23:27","date_gmt":"2017-12-13T15:27:56","guid":{"rendered":"https:\/\/www.power2max.com\/product\/juego-de-bielas-fsa-afterburner\/"},"modified":"2025-10-24T23:31:35","modified_gmt":"2025-10-24T23:31:35","slug":"juego-de-bielas-fsa-afterburner","status":"publish","type":"product","link":"https:\/\/www.power2max.com\/es\/producto\/juego-de-bielas-fsa-afterburner\/","title":{"rendered":"Juego de bielas FSA Afterburner"},"content":{"rendered":"<p>El juego de bielas FSA Afterburner es muy r\u00edgido y ligero. Las bielas son de aluminio forjado y estan disponible en versi\u00f3n monoplato y doble plato con longitud de 170 \u00f3 175mm.<\/p>\n","protected":false},"excerpt":{"rendered":"<p>El juego de bielas FSA Afterburner es muy r\u00edgido y ligero. Las bielas son de aluminio forjado y estan disponible [&hellip;]<\/p>\n","protected":false},"featured_media":0,"comment_status":"open","ping_status":"closed","template":"","meta":[],"product_brand":[],"product_cat":[463],"product_tag":[],"model":[],"class_list":{"0":"post-6658","1":"product","2":"type-product","3":"status-publish","5":"product_cat-10-es","7":"first","8":"instock","9":"taxable","10":"shipping-taxable","11":"purchasable","12":"product-type-variable"},"acf":[],"_links":{"self":[{"href":"https:\/\/www.power2max.com\/es\/wp-json\/wp\/v2\/product\/6658","targetHints":{"allow":["GET"]}}],"collection":[{"href":"https:\/\/www.power2max.com\/es\/wp-json\/wp\/v2\/product"}],"about":[{"href":"https:\/\/www.power2max.com\/es\/wp-json\/wp\/v2\/types\/product"}],"replies":[{"embeddable":true,"href":"https:\/\/www.power2max.com\/es\/wp-json\/wp\/v2\/comments?post=6658"}],"wp:attachment":[{"href":"https:\/\/www.power2max.com\/es\/wp-json\/wp\/v2\/media?parent=6658"}],"wp:term":[{"taxonomy":"product_brand","embeddable":true,"href":"https:\/\/www.power2max.com\/es\/wp-json\/wp\/v2\/product_brand?post=6658"},{"taxonomy":"product_cat","embeddable":true,"href":"https:\/\/www.power2max.com\/es\/wp-json\/wp\/v2\/product_cat?post=6658"},{"taxonomy":"product_tag","embeddable":true,"href":"https:\/\/www.power2max.com\/es\/wp-json\/wp\/v2\/product_tag?post=6658"},{"taxonomy":"model","embeddable":true,"href":"https:\/\/www.power2max.com\/es\/wp-json\/wp\/v2\/model?post=6658"}],"curies":[{"name":"wp","href":"https:\/\/api.w.org\/{rel}","templated":true}]}}