{"id":6339,"date":"2017-12-13T15:23:21","date_gmt":"2017-12-13T15:26:04","guid":{"rendered":"https:\/\/www.power2max.com\/product\/fsa-powerbox-bluetooth-actualizacion\/"},"modified":"2025-10-24T23:32:25","modified_gmt":"2025-10-24T23:32:25","slug":"fsa-powerbox-bluetooth-actualizacion","status":"publish","type":"product","link":"https:\/\/www.power2max.com\/es\/producto\/fsa-powerbox-bluetooth-actualizacion\/","title":{"rendered":"FSA Powerbox Bluetooth Actualizaci\u00f3n"},"content":{"rendered":"<p>Con esta actualizaci\u00f3n tu FSA Powerbox puede emitir informaci\u00f3n a trav\u00e9s de Bluetooth Low Energy (BLE o Bluetooth Smart) a tu ciclocomputador. Elije tu actualizaci\u00f3n !<\/p>\n","protected":false},"excerpt":{"rendered":"<p>Con esta actualizaci\u00f3n tu FSA Powerbox puede emitir informaci\u00f3n a trav\u00e9s de Bluetooth Low Energy (BLE o Bluetooth Smart) a [&hellip;]<\/p>\n","protected":false},"featured_media":0,"comment_status":"open","ping_status":"closed","template":"","meta":[],"product_brand":[],"product_cat":[459],"product_tag":[],"model":[],"class_list":{"0":"post-6339","1":"product","2":"type-product","3":"status-publish","5":"product_cat-6-es","7":"first","8":"onbackorder","9":"virtual","10":"sold-individually","11":"taxable","12":"purchasable","13":"product-type-simple"},"acf":[],"_links":{"self":[{"href":"https:\/\/www.power2max.com\/es\/wp-json\/wp\/v2\/product\/6339","targetHints":{"allow":["GET"]}}],"collection":[{"href":"https:\/\/www.power2max.com\/es\/wp-json\/wp\/v2\/product"}],"about":[{"href":"https:\/\/www.power2max.com\/es\/wp-json\/wp\/v2\/types\/product"}],"replies":[{"embeddable":true,"href":"https:\/\/www.power2max.com\/es\/wp-json\/wp\/v2\/comments?post=6339"}],"wp:attachment":[{"href":"https:\/\/www.power2max.com\/es\/wp-json\/wp\/v2\/media?parent=6339"}],"wp:term":[{"taxonomy":"product_brand","embeddable":true,"href":"https:\/\/www.power2max.com\/es\/wp-json\/wp\/v2\/product_brand?post=6339"},{"taxonomy":"product_cat","embeddable":true,"href":"https:\/\/www.power2max.com\/es\/wp-json\/wp\/v2\/product_cat?post=6339"},{"taxonomy":"product_tag","embeddable":true,"href":"https:\/\/www.power2max.com\/es\/wp-json\/wp\/v2\/product_tag?post=6339"},{"taxonomy":"model","embeddable":true,"href":"https:\/\/www.power2max.com\/es\/wp-json\/wp\/v2\/model?post=6339"}],"curies":[{"name":"wp","href":"https:\/\/api.w.org\/{rel}","templated":true}]}}