{"id":62218,"date":"2023-11-03T14:04:14","date_gmt":"2023-11-03T14:04:14","guid":{"rendered":"https:\/\/www.power2max.com\/product\/ng-open-source-medidor-de-potencia-mtb\/"},"modified":"2025-10-24T23:30:09","modified_gmt":"2025-10-24T23:30:09","slug":"ng-open-source-medidor-de-potencia-mtb","status":"publish","type":"product","link":"https:\/\/www.power2max.com\/es\/producto\/ng-open-source-medidor-de-potencia-mtb\/","title":{"rendered":"NG Open Source medidor de potencia MTB"},"content":{"rendered":"<p>La ventaja sobre las soluciones existentes es la total libertad en cuanto al dise\u00f1o del soporte para el medidor de potencia o el plato. El c\u00edrculo de tornillos de 110 mm con 4 orificios est\u00e1 disponible para el sector de carretera y el c\u00edrculo de tornillos de 104 mm para el sector de MTB. Los datos CAD (cuerpo del medidor de potencia, maniqu\u00ed adaptador) est\u00e1n disponibles en el <a href=\"https:\/\/www.power2max.com\/wp-content\/uploads\/2023\/11\/open-source.zip\">\u00e1rea de descargas<\/a>.<\/p>\n","protected":false},"excerpt":{"rendered":"<p>La ventaja sobre las soluciones existentes es la total libertad en cuanto al dise\u00f1o del soporte para el medidor de [&hellip;]<\/p>\n","protected":false},"featured_media":0,"comment_status":"open","ping_status":"closed","template":"","meta":[],"product_cat":[468,485],"product_tag":[],"model":[855],"acf":[],"_links":{"self":[{"href":"https:\/\/www.power2max.com\/es\/wp-json\/wp\/v2\/product\/62218"}],"collection":[{"href":"https:\/\/www.power2max.com\/es\/wp-json\/wp\/v2\/product"}],"about":[{"href":"https:\/\/www.power2max.com\/es\/wp-json\/wp\/v2\/types\/product"}],"replies":[{"embeddable":true,"href":"https:\/\/www.power2max.com\/es\/wp-json\/wp\/v2\/comments?post=62218"}],"wp:attachment":[{"href":"https:\/\/www.power2max.com\/es\/wp-json\/wp\/v2\/media?parent=62218"}],"wp:term":[{"taxonomy":"product_cat","embeddable":true,"href":"https:\/\/www.power2max.com\/es\/wp-json\/wp\/v2\/product_cat?post=62218"},{"taxonomy":"product_tag","embeddable":true,"href":"https:\/\/www.power2max.com\/es\/wp-json\/wp\/v2\/product_tag?post=62218"},{"taxonomy":"model","embeddable":true,"href":"https:\/\/www.power2max.com\/es\/wp-json\/wp\/v2\/model?post=62218"}],"curies":[{"name":"wp","href":"https:\/\/api.w.org\/{rel}","templated":true}]}}