{"id":61609,"date":"2023-07-12T07:32:34","date_gmt":"2023-07-12T07:32:34","guid":{"rendered":"https:\/\/www.power2max.com\/product\/medidor-de-potencia-ng-mtb-sram-mono-plato-super-boost\/"},"modified":"2025-10-24T23:30:22","modified_gmt":"2025-10-24T23:30:22","slug":"medidor-de-potencia-ng-mtb-sram-mono-plato-super-boost","status":"publish","type":"product","link":"https:\/\/www.power2max.com\/es\/producto\/medidor-de-potencia-ng-mtb-sram-mono-plato-super-boost\/","title":{"rendered":"Medidor de Potencia NG MTB SRAM Mono-Plato (Super Boost)"},"content":{"rendered":"<p>El Medidor de Potencia NG MTB SRAM Mono-Plato (Super Boost) est\u00e1 dise\u00f1ado para las bielas SRAM y Truvativ que utilizan la l\u00ednea de cadena Super Boost de 55 mm y los platos sin desplazamiento (0mm offset). Este Powermeter utiliza la interfaz de SRAM con 3 tornillos para montar el Spider o un plato Direct Mount.<\/p>\n<p>El powermeter sustituye al plato Direct Mount, por lo que se requiere un nuevo plato con BCD 104mm y los tornillos de plato correspondientes.<\/p>\n<p>Volumen de suministro: medidor de potencia con plato Super Boost y BCD 104,  tapa de silicona, Cable para recargar, anillo de color 2D, gu\u00eda de inicio r\u00e1pido.<\/p>\n","protected":false},"excerpt":{"rendered":"<p>El Medidor de Potencia NG MTB SRAM Mono-Plato (Super Boost) est\u00e1 dise\u00f1ado para las bielas SRAM y Truvativ que utilizan [&hellip;]<\/p>\n","protected":false},"featured_media":0,"comment_status":"open","ping_status":"closed","template":"","meta":[],"product_brand":[],"product_cat":[468,485],"product_tag":[],"model":[158],"class_list":{"0":"post-61609","1":"product","2":"type-product","3":"status-publish","5":"product_cat-21-es","6":"product_cat-power-meter-es","7":"model-sram","9":"first","10":"instock","11":"taxable","12":"shipping-taxable","13":"purchasable","14":"product-type-simple"},"acf":[],"_links":{"self":[{"href":"https:\/\/www.power2max.com\/es\/wp-json\/wp\/v2\/product\/61609","targetHints":{"allow":["GET"]}}],"collection":[{"href":"https:\/\/www.power2max.com\/es\/wp-json\/wp\/v2\/product"}],"about":[{"href":"https:\/\/www.power2max.com\/es\/wp-json\/wp\/v2\/types\/product"}],"replies":[{"embeddable":true,"href":"https:\/\/www.power2max.com\/es\/wp-json\/wp\/v2\/comments?post=61609"}],"wp:attachment":[{"href":"https:\/\/www.power2max.com\/es\/wp-json\/wp\/v2\/media?parent=61609"}],"wp:term":[{"taxonomy":"product_brand","embeddable":true,"href":"https:\/\/www.power2max.com\/es\/wp-json\/wp\/v2\/product_brand?post=61609"},{"taxonomy":"product_cat","embeddable":true,"href":"https:\/\/www.power2max.com\/es\/wp-json\/wp\/v2\/product_cat?post=61609"},{"taxonomy":"product_tag","embeddable":true,"href":"https:\/\/www.power2max.com\/es\/wp-json\/wp\/v2\/product_tag?post=61609"},{"taxonomy":"model","embeddable":true,"href":"https:\/\/www.power2max.com\/es\/wp-json\/wp\/v2\/model?post=61609"}],"curies":[{"name":"wp","href":"https:\/\/api.w.org\/{rel}","templated":true}]}}