{"id":59689,"date":"2023-05-09T19:03:20","date_gmt":"2023-05-10T10:24:19","guid":{"rendered":"https:\/\/www.power2max.com\/product\/pedal-smootheness-de-activacion\/"},"modified":"2026-04-21T10:02:32","modified_gmt":"2026-04-21T10:02:32","slug":"pedal-smootheness-de-activacion","status":"publish","type":"product","link":"https:\/\/www.power2max.com\/es\/producto\/pedal-smootheness-de-activacion\/","title":{"rendered":"Pedal Smootheness de activaci\u00f3n"},"content":{"rendered":"<p>La suavidad del pedal representa la uniformidad de la transmisi\u00f3n de potencia durante una vuelta de manivela. Es un buen indicador de la \u00abpatada redonda\u00bb. Con esta opci\u00f3n, la funci\u00f3n de suavidad de pedaleo viene instalada de f\u00e1brica en su medidor de potencia.<\/p>\n","protected":false},"excerpt":{"rendered":"<p>La suavidad del pedal representa la uniformidad de la transmisi\u00f3n de potencia durante una vuelta de manivela. Es un buen [&hellip;]<\/p>\n","protected":false},"featured_media":0,"comment_status":"open","ping_status":"closed","template":"","meta":[],"product_brand":[],"product_cat":[459],"product_tag":[],"model":[],"class_list":{"0":"post-59689","1":"product","2":"type-product","3":"status-publish","5":"product_cat-6-es","7":"first","8":"instock","9":"taxable","10":"shipping-taxable","11":"purchasable","12":"product-type-variable"},"acf":[],"_links":{"self":[{"href":"https:\/\/www.power2max.com\/es\/wp-json\/wp\/v2\/product\/59689","targetHints":{"allow":["GET"]}}],"collection":[{"href":"https:\/\/www.power2max.com\/es\/wp-json\/wp\/v2\/product"}],"about":[{"href":"https:\/\/www.power2max.com\/es\/wp-json\/wp\/v2\/types\/product"}],"replies":[{"embeddable":true,"href":"https:\/\/www.power2max.com\/es\/wp-json\/wp\/v2\/comments?post=59689"}],"wp:attachment":[{"href":"https:\/\/www.power2max.com\/es\/wp-json\/wp\/v2\/media?parent=59689"}],"wp:term":[{"taxonomy":"product_brand","embeddable":true,"href":"https:\/\/www.power2max.com\/es\/wp-json\/wp\/v2\/product_brand?post=59689"},{"taxonomy":"product_cat","embeddable":true,"href":"https:\/\/www.power2max.com\/es\/wp-json\/wp\/v2\/product_cat?post=59689"},{"taxonomy":"product_tag","embeddable":true,"href":"https:\/\/www.power2max.com\/es\/wp-json\/wp\/v2\/product_tag?post=59689"},{"taxonomy":"model","embeddable":true,"href":"https:\/\/www.power2max.com\/es\/wp-json\/wp\/v2\/model?post=59689"}],"curies":[{"name":"wp","href":"https:\/\/api.w.org\/{rel}","templated":true}]}}