{"id":59357,"date":"2023-04-19T09:37:32","date_gmt":"2023-04-19T09:37:32","guid":{"rendered":"https:\/\/www.power2max.com\/product\/ngeco-pista-rotor-power2max-edition-powermeter-set\/"},"modified":"2025-10-29T23:22:19","modified_gmt":"2025-10-29T23:22:19","slug":"ngeco-pista-rotor-power2max-edition-powermeter-set","status":"publish","type":"product","link":"https:\/\/www.power2max.com\/es\/producto\/ngeco-pista-rotor-power2max-edition-powermeter-set\/","title":{"rendered":"NGeco Pista Rotor power2max Edition powermeter set"},"content":{"rendered":"<p>NGeco Pista Rotor power2max Edition powermeter set le ofrece una medici\u00f3n de potencia profesional, completamente de doble cara a un precio de nivel de entrada. Con un di\u00e1metro de c\u00edrculo de tornillos (BCD) de 144 mm, el medidor de potencia es compatible con todos los platos de pista comunes y es un compa\u00f1ero de entrenamiento indispensable, especialmente en las disciplinas de endurance. Los platos y bielas Rotor power2max Edition est\u00e1n equipados con un eje de carretera normal de 24mm.<\/p>\n<p>El powermeter transmite la potencia total (vatios) de ambas piernas y su cadencia a trav\u00e9s de ANT+ o Bluetooth (BLE) a su ordenador de bicicleta o smartwatch\/reloj deportivo.<\/p>\n<p><b>Volumen de suministro:<\/b> Track powermeter con BCD 144, platos y bielas Rotor power2max Edition con eje de carretera de 24mm, bateria, tapa de bateria, anillo de color 2D, guia de inicio rapido.<\/p>\n","protected":false},"excerpt":{"rendered":"<p>NGeco Pista Rotor power2max Edition powermeter set le ofrece una medici\u00f3n de potencia profesional, completamente de doble cara a un [&hellip;]<\/p>\n","protected":false},"featured_media":0,"comment_status":"open","ping_status":"closed","template":"","meta":[],"product_brand":[],"product_cat":[473,485],"product_tag":[],"model":[161],"class_list":{"0":"post-59357","1":"product","2":"type-product","3":"status-publish","5":"product_cat-32-es","6":"product_cat-power-meter-es","7":"model-rotor","9":"first","10":"instock","11":"taxable","12":"shipping-taxable","13":"purchasable","14":"product-type-simple"},"acf":[],"_links":{"self":[{"href":"https:\/\/www.power2max.com\/es\/wp-json\/wp\/v2\/product\/59357","targetHints":{"allow":["GET"]}}],"collection":[{"href":"https:\/\/www.power2max.com\/es\/wp-json\/wp\/v2\/product"}],"about":[{"href":"https:\/\/www.power2max.com\/es\/wp-json\/wp\/v2\/types\/product"}],"replies":[{"embeddable":true,"href":"https:\/\/www.power2max.com\/es\/wp-json\/wp\/v2\/comments?post=59357"}],"wp:attachment":[{"href":"https:\/\/www.power2max.com\/es\/wp-json\/wp\/v2\/media?parent=59357"}],"wp:term":[{"taxonomy":"product_brand","embeddable":true,"href":"https:\/\/www.power2max.com\/es\/wp-json\/wp\/v2\/product_brand?post=59357"},{"taxonomy":"product_cat","embeddable":true,"href":"https:\/\/www.power2max.com\/es\/wp-json\/wp\/v2\/product_cat?post=59357"},{"taxonomy":"product_tag","embeddable":true,"href":"https:\/\/www.power2max.com\/es\/wp-json\/wp\/v2\/product_tag?post=59357"},{"taxonomy":"model","embeddable":true,"href":"https:\/\/www.power2max.com\/es\/wp-json\/wp\/v2\/model?post=59357"}],"curies":[{"name":"wp","href":"https:\/\/api.w.org\/{rel}","templated":true}]}}