{"id":55951,"date":"2022-10-05T09:54:01","date_gmt":"2022-10-05T09:54:01","guid":{"rendered":"https:\/\/www.power2max.com\/product\/set-de-medidor-de-potencia-ng-g-x-rotor-power2max-edition\/"},"modified":"2025-10-24T23:29:56","modified_gmt":"2025-10-24T23:29:56","slug":"set-de-medidor-de-potencia-ng-g-x-rotor-power2max-edition","status":"publish","type":"product","link":"https:\/\/www.power2max.com\/es\/producto\/set-de-medidor-de-potencia-ng-g-x-rotor-power2max-edition\/","title":{"rendered":"Set de Medidor de potencia NG G-X Rotor power2max Edition"},"content":{"rendered":"<p>El set NG G-X Rotor power2max Edition se compone de nuestro NG Powermeter para la medici\u00f3n completa de la potencia en ambos lados y el juego de bielas Rotor power2max Edition.<\/p>\n<p>El NG G-X Powermeter es el mejor compa\u00f1ero en grava y asfalto para medir la potencia total de ambas piernas. Nuestra versi\u00f3n G-X est\u00e1 especialmente dise\u00f1ada para su uso con platos Shimano 1x o 2x GRX. La bater\u00eda recargable integrada tiene una autonom\u00eda de aproximadamente 80 horas de funcionamiento y puede recargarse c\u00f3modamente mediante el cable de carga suministrado. La calibraci\u00f3n din\u00e1mica con una precisi\u00f3n de +\/-1% forma parte del equipamiento est\u00e1ndar, al igual que la medici\u00f3n de la cadencia y la transmisi\u00f3n de los datos de la distribuci\u00f3n izquierda-derecha y la suavidad del pedaleo a su ordenador de bicicleta.<\/p>\n<p>El juego de bielas Rotor power2max Edition est\u00e1 especialmente dise\u00f1ado para el est\u00e1ndar de pedalier Hollowtech II de Shimano y, por tanto, puede sustituir a una biela GRX sin necesidad de cambiar los rodamientos. Las bielas de aluminio est\u00e1n forjadas y perforadas y son comparables a las bielas Ultegra de Shimano.<\/p>\n","protected":false},"excerpt":{"rendered":"<p>El set NG G-X Rotor power2max Edition se compone de nuestro NG Powermeter para la medici\u00f3n completa de la potencia [&hellip;]<\/p>\n","protected":false},"featured_media":0,"comment_status":"open","ping_status":"closed","template":"","meta":[],"product_brand":[],"product_cat":[587,485],"product_tag":[],"model":[],"class_list":{"0":"post-55951","1":"product","2":"type-product","3":"status-publish","5":"product_cat-201-es","6":"product_cat-power-meter-es","8":"first","9":"instock","10":"taxable","11":"shipping-taxable","12":"purchasable","13":"product-type-simple"},"acf":[],"_links":{"self":[{"href":"https:\/\/www.power2max.com\/es\/wp-json\/wp\/v2\/product\/55951","targetHints":{"allow":["GET"]}}],"collection":[{"href":"https:\/\/www.power2max.com\/es\/wp-json\/wp\/v2\/product"}],"about":[{"href":"https:\/\/www.power2max.com\/es\/wp-json\/wp\/v2\/types\/product"}],"replies":[{"embeddable":true,"href":"https:\/\/www.power2max.com\/es\/wp-json\/wp\/v2\/comments?post=55951"}],"wp:attachment":[{"href":"https:\/\/www.power2max.com\/es\/wp-json\/wp\/v2\/media?parent=55951"}],"wp:term":[{"taxonomy":"product_brand","embeddable":true,"href":"https:\/\/www.power2max.com\/es\/wp-json\/wp\/v2\/product_brand?post=55951"},{"taxonomy":"product_cat","embeddable":true,"href":"https:\/\/www.power2max.com\/es\/wp-json\/wp\/v2\/product_cat?post=55951"},{"taxonomy":"product_tag","embeddable":true,"href":"https:\/\/www.power2max.com\/es\/wp-json\/wp\/v2\/product_tag?post=55951"},{"taxonomy":"model","embeddable":true,"href":"https:\/\/www.power2max.com\/es\/wp-json\/wp\/v2\/model?post=55951"}],"curies":[{"name":"wp","href":"https:\/\/api.w.org\/{rel}","templated":true}]}}