{"id":55950,"date":"2022-10-05T10:17:20","date_gmt":"2022-10-05T10:17:20","guid":{"rendered":"https:\/\/www.power2max.com\/product\/set-de-medidor-de-potencia-ng-g-x-rotor-aldhu-r-24\/"},"modified":"2025-10-24T23:30:04","modified_gmt":"2025-10-24T23:30:04","slug":"set-de-medidor-de-potencia-ng-g-x-rotor-aldhu-r-24","status":"publish","type":"product","link":"https:\/\/www.power2max.com\/es\/producto\/set-de-medidor-de-potencia-ng-g-x-rotor-aldhu-r-24\/","title":{"rendered":"Set de Medidor de potencia NG G-X Rotor ALDHU-R 24"},"content":{"rendered":"<p>El set de medidor de potencia NG G-X Rotor ALDHU-R 24 consiste en nuestro NG Powermeter para la medici\u00f3n completa de la potencia de dos lados y el juego de bielas Rotor ALDHU-R 24.<\/p>\n<p>El NG Powermeter para grava le garantiza la m\u00e1s alta calidad en la medici\u00f3n de la potencia para su pr\u00f3xima aventura en grava. Nuestra versi\u00f3n G-X est\u00e1 especialmente dise\u00f1ada para su uso con platos Shimano GRX y es compatible con 1x y 2x. La bater\u00eda recargable integrada tiene una duraci\u00f3n de aproximadamente 80 horas de funcionamiento y puede recargarse c\u00f3modamente mediante el cable de carga suministrado. La calibraci\u00f3n din\u00e1mica con una precisi\u00f3n de +\/-1% forma parte del equipamiento est\u00e1ndar, al igual que la medici\u00f3n de la cadencia y la transmisi\u00f3n de los datos del equilibrio izquierda-derecha y la suavidad del pedaleo a su ordenador de bicicleta.<\/p>\n<p>El juego de bielas Rotor ALDHU-R 24 no hace concesiones en cuanto a peso y rigidez. Las bielas de aluminio mecanizadas por CNC y con orificios huecos son robustas y se adaptan tanto a la grava como al asfalto. El eje de 24 mm de las bielas es compatible con los ejes de pedalier Shimano Hollowtech II.<\/p>\n","protected":false},"excerpt":{"rendered":"<p>El set de medidor de potencia NG G-X Rotor ALDHU-R 24 consiste en nuestro NG Powermeter para la medici\u00f3n completa [&hellip;]<\/p>\n","protected":false},"featured_media":0,"comment_status":"open","ping_status":"closed","template":"","meta":[],"product_brand":[],"product_cat":[587,485],"product_tag":[],"model":[],"class_list":{"0":"post-55950","1":"product","2":"type-product","3":"status-publish","5":"product_cat-201-es","6":"product_cat-power-meter-es","8":"first","9":"instock","10":"taxable","11":"shipping-taxable","12":"purchasable","13":"product-type-simple"},"acf":[],"_links":{"self":[{"href":"https:\/\/www.power2max.com\/es\/wp-json\/wp\/v2\/product\/55950","targetHints":{"allow":["GET"]}}],"collection":[{"href":"https:\/\/www.power2max.com\/es\/wp-json\/wp\/v2\/product"}],"about":[{"href":"https:\/\/www.power2max.com\/es\/wp-json\/wp\/v2\/types\/product"}],"replies":[{"embeddable":true,"href":"https:\/\/www.power2max.com\/es\/wp-json\/wp\/v2\/comments?post=55950"}],"wp:attachment":[{"href":"https:\/\/www.power2max.com\/es\/wp-json\/wp\/v2\/media?parent=55950"}],"wp:term":[{"taxonomy":"product_brand","embeddable":true,"href":"https:\/\/www.power2max.com\/es\/wp-json\/wp\/v2\/product_brand?post=55950"},{"taxonomy":"product_cat","embeddable":true,"href":"https:\/\/www.power2max.com\/es\/wp-json\/wp\/v2\/product_cat?post=55950"},{"taxonomy":"product_tag","embeddable":true,"href":"https:\/\/www.power2max.com\/es\/wp-json\/wp\/v2\/product_tag?post=55950"},{"taxonomy":"model","embeddable":true,"href":"https:\/\/www.power2max.com\/es\/wp-json\/wp\/v2\/model?post=55950"}],"curies":[{"name":"wp","href":"https:\/\/api.w.org\/{rel}","templated":true}]}}