{"id":54935,"date":"2022-08-08T09:42:26","date_gmt":"2022-08-08T09:42:26","guid":{"rendered":"https:\/\/www.power2max.com\/product\/reemplazo-por-accidente-ngeco-campagnolo-gx-ng-road\/"},"modified":"2026-01-14T23:20:02","modified_gmt":"2026-01-14T23:20:02","slug":"reemplazo-por-accidente-ngeco-campagnolo-gx-ng-road","status":"publish","type":"product","link":"https:\/\/www.power2max.com\/es\/producto\/reemplazo-por-accidente-ngeco-campagnolo-gx-ng-road\/","title":{"rendered":"Reemplazo por accidente NGeco Campagnolo\/GX &amp; NG Road"},"content":{"rendered":"<p>Este es el art\u00edculo de Reemplazo por accidente para los medidores de potencia NGeco Campagnolo\/GX &amp; NG Road (BCD 110, 130, 110 4-S). Aseg\u00farate de contactar nuestro equipo de Soporte T\u00e9cnico antes de comprar este art\u00edculo. Si no contactas con nuestro equipo de Soporte T\u00e9cnico tu pedido no podr\u00e1 ser procesado. Este art\u00edculo solo puede ser pagado por TRANSFERENCIA BANCARIA.<\/p>\n<p>Sigue las instrucciones de nuestro equipo de Soporte T\u00e9cnico y env\u00edanos tu medidor de potencia defectuoso.<\/p>\n","protected":false},"excerpt":{"rendered":"<p>Este es el art\u00edculo de Reemplazo por accidente para los medidores de potencia NGeco Campagnolo\/GX &amp; NG Road (BCD 110, [&hellip;]<\/p>\n","protected":false},"featured_media":0,"comment_status":"open","ping_status":"closed","template":"","meta":[],"product_brand":[],"product_cat":[458],"product_tag":[],"model":[],"class_list":{"0":"post-54935","1":"product","2":"type-product","3":"status-publish","5":"product_cat-5-es","7":"first","8":"instock","9":"taxable","10":"shipping-taxable","11":"purchasable","12":"product-type-simple"},"acf":[],"_links":{"self":[{"href":"https:\/\/www.power2max.com\/es\/wp-json\/wp\/v2\/product\/54935","targetHints":{"allow":["GET"]}}],"collection":[{"href":"https:\/\/www.power2max.com\/es\/wp-json\/wp\/v2\/product"}],"about":[{"href":"https:\/\/www.power2max.com\/es\/wp-json\/wp\/v2\/types\/product"}],"replies":[{"embeddable":true,"href":"https:\/\/www.power2max.com\/es\/wp-json\/wp\/v2\/comments?post=54935"}],"wp:attachment":[{"href":"https:\/\/www.power2max.com\/es\/wp-json\/wp\/v2\/media?parent=54935"}],"wp:term":[{"taxonomy":"product_brand","embeddable":true,"href":"https:\/\/www.power2max.com\/es\/wp-json\/wp\/v2\/product_brand?post=54935"},{"taxonomy":"product_cat","embeddable":true,"href":"https:\/\/www.power2max.com\/es\/wp-json\/wp\/v2\/product_cat?post=54935"},{"taxonomy":"product_tag","embeddable":true,"href":"https:\/\/www.power2max.com\/es\/wp-json\/wp\/v2\/product_tag?post=54935"},{"taxonomy":"model","embeddable":true,"href":"https:\/\/www.power2max.com\/es\/wp-json\/wp\/v2\/model?post=54935"}],"curies":[{"name":"wp","href":"https:\/\/api.w.org\/{rel}","templated":true}]}}