{"id":54692,"date":"2022-07-28T12:19:41","date_gmt":"2022-07-28T12:19:41","guid":{"rendered":"https:\/\/www.power2max.com\/product\/set-medidor-de-potencia-ngeco-g-x-doble-rotor-power2max-edition-set\/"},"modified":"2025-11-05T16:45:10","modified_gmt":"2025-11-05T16:45:10","slug":"set-medidor-de-potencia-ngeco-g-x-doble-rotor-power2max-edition-set","status":"publish","type":"product","link":"https:\/\/www.power2max.com\/es\/producto\/set-medidor-de-potencia-ngeco-g-x-doble-rotor-power2max-edition-set\/","title":{"rendered":"Set Medidor de Potencia NGeco G-X universal Rotor power2max Edition Set"},"content":{"rendered":"<p>El conjunto NGeco G-X Rotor power2max-Edition est\u00e1 compuesto por nuestro NGeco Powermeter para la medici\u00f3n completa de la potencia de dos lados y el juego de bielas Rotor power2max Edition.<\/p>\n<p><strong>Nuestra versi\u00f3n G-X est\u00e1 especialmente dise\u00f1ada para su uso con platos Shimano 1x o 2x GRX.<\/strong>\u00a0 El juego de bielas Rotor power2max-Edition es el mejor compromiso entre peso y precio. Las bielas de aluminio forjadas y con taladros huecos son resistentes y aptas para cualquier aventura en la Gravel. El eje de 24mm de las bielas es compatible con los ejes de pedalier Shimano Hollowtech II.<\/p>\n<p><strong>Las funciones \u00abBalance\u00bb y \u00abPedal Smoothness\u00bb ya est\u00e1n activadas.<\/strong><\/p>\n","protected":false},"excerpt":{"rendered":"<p>El conjunto NGeco G-X Rotor power2max-Edition est\u00e1 compuesto por nuestro NGeco Powermeter para la medici\u00f3n completa de la potencia de [&hellip;]<\/p>\n","protected":false},"featured_media":0,"comment_status":"open","ping_status":"closed","template":"","meta":[],"product_brand":[],"product_cat":[588,485],"product_tag":[],"model":[],"class_list":{"0":"post-54692","1":"product","2":"type-product","3":"status-publish","5":"product_cat-202-es","6":"product_cat-power-meter-es","8":"first","9":"instock","10":"taxable","11":"shipping-taxable","12":"purchasable","13":"product-type-simple"},"acf":[],"_links":{"self":[{"href":"https:\/\/www.power2max.com\/es\/wp-json\/wp\/v2\/product\/54692","targetHints":{"allow":["GET"]}}],"collection":[{"href":"https:\/\/www.power2max.com\/es\/wp-json\/wp\/v2\/product"}],"about":[{"href":"https:\/\/www.power2max.com\/es\/wp-json\/wp\/v2\/types\/product"}],"replies":[{"embeddable":true,"href":"https:\/\/www.power2max.com\/es\/wp-json\/wp\/v2\/comments?post=54692"}],"wp:attachment":[{"href":"https:\/\/www.power2max.com\/es\/wp-json\/wp\/v2\/media?parent=54692"}],"wp:term":[{"taxonomy":"product_brand","embeddable":true,"href":"https:\/\/www.power2max.com\/es\/wp-json\/wp\/v2\/product_brand?post=54692"},{"taxonomy":"product_cat","embeddable":true,"href":"https:\/\/www.power2max.com\/es\/wp-json\/wp\/v2\/product_cat?post=54692"},{"taxonomy":"product_tag","embeddable":true,"href":"https:\/\/www.power2max.com\/es\/wp-json\/wp\/v2\/product_tag?post=54692"},{"taxonomy":"model","embeddable":true,"href":"https:\/\/www.power2max.com\/es\/wp-json\/wp\/v2\/model?post=54692"}],"curies":[{"name":"wp","href":"https:\/\/api.w.org\/{rel}","templated":true}]}}