{"id":52811,"date":"2022-06-01T07:06:45","date_gmt":"2022-06-01T10:43:50","guid":{"rendered":"https:\/\/www.power2max.com\/product\/ng-cable-magnetica\/"},"modified":"2025-12-24T15:22:34","modified_gmt":"2025-12-24T15:22:34","slug":"ng-cable-magnetica","status":"publish","type":"product","link":"https:\/\/www.power2max.com\/es\/producto\/ng-cable-magnetica\/","title":{"rendered":"NG cable magn\u00e9tica"},"content":{"rendered":"<p>Cable USB para cargar el NG Powermeter con conexi\u00f3n magn\u00e9tica. <\/p>\n<p>Tenga en cuenta: este cable s\u00f3lo es utilizable para NG Powermeter a partir del n\u00famero de serie 089195.<\/p>\n","protected":false},"excerpt":{"rendered":"<p>Cable USB para cargar el NG Powermeter con conexi\u00f3n magn\u00e9tica. Tenga en cuenta: este cable s\u00f3lo es utilizable para NG [&hellip;]<\/p>\n","protected":false},"featured_media":0,"comment_status":"open","ping_status":"closed","template":"","meta":[],"product_brand":[],"product_cat":[457,476],"product_tag":[],"model":[],"class_list":{"0":"post-52811","1":"product","2":"type-product","3":"status-publish","5":"product_cat-4-es","6":"product_cat-42-es","8":"first","9":"onbackorder","10":"taxable","11":"shipping-taxable","12":"purchasable","13":"product-type-variable"},"acf":[],"_links":{"self":[{"href":"https:\/\/www.power2max.com\/es\/wp-json\/wp\/v2\/product\/52811","targetHints":{"allow":["GET"]}}],"collection":[{"href":"https:\/\/www.power2max.com\/es\/wp-json\/wp\/v2\/product"}],"about":[{"href":"https:\/\/www.power2max.com\/es\/wp-json\/wp\/v2\/types\/product"}],"replies":[{"embeddable":true,"href":"https:\/\/www.power2max.com\/es\/wp-json\/wp\/v2\/comments?post=52811"}],"wp:attachment":[{"href":"https:\/\/www.power2max.com\/es\/wp-json\/wp\/v2\/media?parent=52811"}],"wp:term":[{"taxonomy":"product_brand","embeddable":true,"href":"https:\/\/www.power2max.com\/es\/wp-json\/wp\/v2\/product_brand?post=52811"},{"taxonomy":"product_cat","embeddable":true,"href":"https:\/\/www.power2max.com\/es\/wp-json\/wp\/v2\/product_cat?post=52811"},{"taxonomy":"product_tag","embeddable":true,"href":"https:\/\/www.power2max.com\/es\/wp-json\/wp\/v2\/product_tag?post=52811"},{"taxonomy":"model","embeddable":true,"href":"https:\/\/www.power2max.com\/es\/wp-json\/wp\/v2\/model?post=52811"}],"curies":[{"name":"wp","href":"https:\/\/api.w.org\/{rel}","templated":true}]}}