{"id":50591,"date":"2022-02-05T13:40:13","date_gmt":"2022-02-07T20:55:17","guid":{"rendered":"https:\/\/www.power2max.com\/?post_type=product&#038;p=50591"},"modified":"2026-03-31T11:29:41","modified_gmt":"2026-03-31T11:29:41","slug":"power2max-mtb-perno-de-proteccion","status":"publish","type":"product","link":"https:\/\/www.power2max.com\/es\/producto\/power2max-mtb-perno-de-proteccion\/","title":{"rendered":"power2max MTB perno de protecci\u00f3n"},"content":{"rendered":"<p>El perno de protecci\u00f3n power2max MTB puede ser usado con todos los medidores de potencia power2max NG y NGeco para proporcionar una protecci\u00f3n adicional para bielas y medidor de potencia en caso de salidas de cadena.<\/p>\n","protected":false},"excerpt":{"rendered":"<p>El perno de protecci\u00f3n power2max MTB puede ser usado con todos los medidores de potencia power2max NG y NGeco para [&hellip;]<\/p>\n","protected":false},"featured_media":0,"comment_status":"open","ping_status":"closed","template":"","meta":[],"product_brand":[],"product_cat":[457,476],"product_tag":[],"model":[],"class_list":{"0":"post-50591","1":"product","2":"type-product","3":"status-publish","5":"product_cat-4-es","6":"product_cat-42-es","8":"first","9":"instock","10":"taxable","11":"shipping-taxable","12":"purchasable","13":"product-type-variable"},"acf":[],"_links":{"self":[{"href":"https:\/\/www.power2max.com\/es\/wp-json\/wp\/v2\/product\/50591","targetHints":{"allow":["GET"]}}],"collection":[{"href":"https:\/\/www.power2max.com\/es\/wp-json\/wp\/v2\/product"}],"about":[{"href":"https:\/\/www.power2max.com\/es\/wp-json\/wp\/v2\/types\/product"}],"replies":[{"embeddable":true,"href":"https:\/\/www.power2max.com\/es\/wp-json\/wp\/v2\/comments?post=50591"}],"wp:attachment":[{"href":"https:\/\/www.power2max.com\/es\/wp-json\/wp\/v2\/media?parent=50591"}],"wp:term":[{"taxonomy":"product_brand","embeddable":true,"href":"https:\/\/www.power2max.com\/es\/wp-json\/wp\/v2\/product_brand?post=50591"},{"taxonomy":"product_cat","embeddable":true,"href":"https:\/\/www.power2max.com\/es\/wp-json\/wp\/v2\/product_cat?post=50591"},{"taxonomy":"product_tag","embeddable":true,"href":"https:\/\/www.power2max.com\/es\/wp-json\/wp\/v2\/product_tag?post=50591"},{"taxonomy":"model","embeddable":true,"href":"https:\/\/www.power2max.com\/es\/wp-json\/wp\/v2\/model?post=50591"}],"curies":[{"name":"wp","href":"https:\/\/api.w.org\/{rel}","templated":true}]}}