{"id":43651,"date":"2021-03-10T09:43:52","date_gmt":"2021-03-10T09:43:52","guid":{"rendered":"https:\/\/www.power2max.com\/product\/set-de-medidor-de-potencia-ngeco-gravel-rotor-aldhu-r-24\/"},"modified":"2025-11-05T16:53:25","modified_gmt":"2025-11-05T16:53:25","slug":"set-de-medidor-de-potencia-ngeco-gravel-rotor-aldhu-r-24","status":"publish","type":"product","link":"https:\/\/www.power2max.com\/es\/producto\/set-de-medidor-de-potencia-ngeco-gravel-rotor-aldhu-r-24\/","title":{"rendered":"set de medidor de potencia NGeco Gravel Rotor ALDHU-R 24"},"content":{"rendered":"<p>El set de medidor de potencia NGeco Gravel Rotor ALDHU-R 24 consiste en nuestro medidor de potencia NGeco para medir la potencia total de ambas piernas, las bielas Rotor ALDHU-R 24 y un kit de platos power2max Gravel para transmisiones de doble plato.<\/p>\n<p>El juego de bielas Rotor ALDHU-R 24 con su eje de 24mm de di\u00e1metro es compatible con los eje pedalier Shimano Hollowtech 2 y permite una instalaci\u00f3n muy f\u00e1cil. Es el reemplazo perfecto para bielas Shimano GRX. Las bielas ALDHU-R 24 estan fabricadas en aluminio mecanizado y son huecas lo que les otorga prestaciones de alta gama en fabricaci\u00f3n, peso y rigidez.<\/p>\n<p><strong>Las funciones \u00abBalance\u00bb y \u00abPedal Smoothness\u00bb ya est\u00e1n activadas.<\/strong><\/p>\n","protected":false},"excerpt":{"rendered":"<p>El set de medidor de potencia NGeco Gravel Rotor ALDHU-R 24 consiste en nuestro medidor de potencia NGeco para medir [&hellip;]<\/p>\n","protected":false},"featured_media":0,"comment_status":"open","ping_status":"closed","template":"","meta":[],"product_brand":[],"product_cat":[588,485],"product_tag":[],"model":[],"class_list":{"0":"post-43651","1":"product","2":"type-product","3":"status-publish","5":"product_cat-202-es","6":"product_cat-power-meter-es","8":"first","9":"instock","10":"taxable","11":"shipping-taxable","12":"purchasable","13":"product-type-simple"},"acf":[],"_links":{"self":[{"href":"https:\/\/www.power2max.com\/es\/wp-json\/wp\/v2\/product\/43651","targetHints":{"allow":["GET"]}}],"collection":[{"href":"https:\/\/www.power2max.com\/es\/wp-json\/wp\/v2\/product"}],"about":[{"href":"https:\/\/www.power2max.com\/es\/wp-json\/wp\/v2\/types\/product"}],"replies":[{"embeddable":true,"href":"https:\/\/www.power2max.com\/es\/wp-json\/wp\/v2\/comments?post=43651"}],"wp:attachment":[{"href":"https:\/\/www.power2max.com\/es\/wp-json\/wp\/v2\/media?parent=43651"}],"wp:term":[{"taxonomy":"product_brand","embeddable":true,"href":"https:\/\/www.power2max.com\/es\/wp-json\/wp\/v2\/product_brand?post=43651"},{"taxonomy":"product_cat","embeddable":true,"href":"https:\/\/www.power2max.com\/es\/wp-json\/wp\/v2\/product_cat?post=43651"},{"taxonomy":"product_tag","embeddable":true,"href":"https:\/\/www.power2max.com\/es\/wp-json\/wp\/v2\/product_tag?post=43651"},{"taxonomy":"model","embeddable":true,"href":"https:\/\/www.power2max.com\/es\/wp-json\/wp\/v2\/model?post=43651"}],"curies":[{"name":"wp","href":"https:\/\/api.w.org\/{rel}","templated":true}]}}