{"id":43649,"date":"2021-03-10T09:44:13","date_gmt":"2021-03-10T09:44:13","guid":{"rendered":"https:\/\/www.power2max.com\/product\/ngeco-carretera-rotor-aldhu-r-24-con-bielas\/"},"modified":"2025-10-30T09:33:17","modified_gmt":"2025-10-30T09:33:17","slug":"ngeco-carretera-rotor-aldhu-r-24-con-bielas","status":"publish","type":"product","link":"https:\/\/www.power2max.com\/es\/producto\/ngeco-carretera-rotor-aldhu-r-24-con-bielas\/","title":{"rendered":"NGeco Carretera Rotor ALDHU-R 24 con bielas"},"content":{"rendered":"<p>El set de medidor de potencia NGeco Carretera Rotor ALDHU-R 24 es nuesra recomendaci\u00f3n para bicis con eje pedalier Shimano. El set consiste en la ara\u00f1a con medidor de potencia NGeco y el juego de bielas Rotor ALDHU-R 24 con eje de acero de 24mm. Con las versiones 110 4-S y 110 4-SL del Powermeter, tambi\u00e9n existe la opci\u00f3n de seguir utilizando los platos de carretera Shimano existentes para mantener la comodidad del cambio. La versi\u00f3n 110 4-SL tambi\u00e9n ahorra 30g en comparaci\u00f3n con la versi\u00f3n normal 110 4-S. El recargo para la versi\u00f3n 110 4-SL es de 100\u20ac (IVA incluido). Es compatible con el tipo de pedalier Shimano Hollowtech 2.<\/p>\n<p><strong>Las funciones Equilibrio y Suavidad del pedal ya est\u00e1n activadas.<\/strong><\/p>\n","protected":false},"excerpt":{"rendered":"<p>El set de medidor de potencia NGeco Carretera Rotor ALDHU-R 24 es nuesra recomendaci\u00f3n para bicis con eje pedalier Shimano. [&hellip;]<\/p>\n","protected":false},"featured_media":0,"comment_status":"open","ping_status":"closed","template":"","meta":[],"product_brand":[],"product_cat":[465,485],"product_tag":[],"model":[],"class_list":{"0":"post-43649","1":"product","2":"type-product","3":"status-publish","5":"product_cat-12-es","6":"product_cat-power-meter-es","8":"first","9":"instock","10":"taxable","11":"shipping-taxable","12":"purchasable","13":"product-type-simple"},"acf":[],"_links":{"self":[{"href":"https:\/\/www.power2max.com\/es\/wp-json\/wp\/v2\/product\/43649","targetHints":{"allow":["GET"]}}],"collection":[{"href":"https:\/\/www.power2max.com\/es\/wp-json\/wp\/v2\/product"}],"about":[{"href":"https:\/\/www.power2max.com\/es\/wp-json\/wp\/v2\/types\/product"}],"replies":[{"embeddable":true,"href":"https:\/\/www.power2max.com\/es\/wp-json\/wp\/v2\/comments?post=43649"}],"wp:attachment":[{"href":"https:\/\/www.power2max.com\/es\/wp-json\/wp\/v2\/media?parent=43649"}],"wp:term":[{"taxonomy":"product_brand","embeddable":true,"href":"https:\/\/www.power2max.com\/es\/wp-json\/wp\/v2\/product_brand?post=43649"},{"taxonomy":"product_cat","embeddable":true,"href":"https:\/\/www.power2max.com\/es\/wp-json\/wp\/v2\/product_cat?post=43649"},{"taxonomy":"product_tag","embeddable":true,"href":"https:\/\/www.power2max.com\/es\/wp-json\/wp\/v2\/product_tag?post=43649"},{"taxonomy":"model","embeddable":true,"href":"https:\/\/www.power2max.com\/es\/wp-json\/wp\/v2\/model?post=43649"}],"curies":[{"name":"wp","href":"https:\/\/api.w.org\/{rel}","templated":true}]}}