{"id":43648,"date":"2021-03-10T09:44:18","date_gmt":"2021-03-10T09:44:18","guid":{"rendered":"https:\/\/www.power2max.com\/product\/set-de-medidor-de-potencia-ng-gravel-rotor-aldhu-r-24\/"},"modified":"2025-10-24T23:30:01","modified_gmt":"2025-10-24T23:30:01","slug":"set-de-medidor-de-potencia-ng-gravel-rotor-aldhu-r-24","status":"publish","type":"product","link":"https:\/\/www.power2max.com\/es\/producto\/set-de-medidor-de-potencia-ng-gravel-rotor-aldhu-r-24\/","title":{"rendered":"set de medidor de potencia NG Gravel Rotor ALDHU-R 24"},"content":{"rendered":"<p>El set de medidor de potencia NG Gravel Rotor ALDHU-R 24 consiste en nuestro medidor de potencia NG para medir la potencia total de ambas piernas, las bielas Rotor ALDHU-R 24 y un kit de platos power2max Gravel para transmisiones de doble plato.<\/p>\n<p>El juego de bielas Rotor ALDHU-R 24 con su eje de 24mm de di\u00e1metro es compatible con los eje pedalier Shimano Hollowtech 2 y permite una instalaci\u00f3n muy f\u00e1cil. Es el reemplazo perfecto para bielas Shimano GRX. Las bielas ALDHU-R 24 estan fabricadas en aluminio mecanizado y son huecas lo que les otorga prestaciones de alta gama en fabricaci\u00f3n, peso y rigidez.<\/p>\n","protected":false},"excerpt":{"rendered":"<p>El set de medidor de potencia NG Gravel Rotor ALDHU-R 24 consiste en nuestro medidor de potencia NG para medir [&hellip;]<\/p>\n","protected":false},"featured_media":0,"comment_status":"open","ping_status":"closed","template":"","meta":[],"product_brand":[],"product_cat":[587,485],"product_tag":[],"model":[552],"class_list":{"0":"post-43648","1":"product","2":"type-product","3":"status-publish","5":"product_cat-201-es","6":"product_cat-power-meter-es","7":"model-shimano","9":"first","10":"instock","11":"taxable","12":"shipping-taxable","13":"purchasable","14":"product-type-simple"},"acf":[],"_links":{"self":[{"href":"https:\/\/www.power2max.com\/es\/wp-json\/wp\/v2\/product\/43648","targetHints":{"allow":["GET"]}}],"collection":[{"href":"https:\/\/www.power2max.com\/es\/wp-json\/wp\/v2\/product"}],"about":[{"href":"https:\/\/www.power2max.com\/es\/wp-json\/wp\/v2\/types\/product"}],"replies":[{"embeddable":true,"href":"https:\/\/www.power2max.com\/es\/wp-json\/wp\/v2\/comments?post=43648"}],"wp:attachment":[{"href":"https:\/\/www.power2max.com\/es\/wp-json\/wp\/v2\/media?parent=43648"}],"wp:term":[{"taxonomy":"product_brand","embeddable":true,"href":"https:\/\/www.power2max.com\/es\/wp-json\/wp\/v2\/product_brand?post=43648"},{"taxonomy":"product_cat","embeddable":true,"href":"https:\/\/www.power2max.com\/es\/wp-json\/wp\/v2\/product_cat?post=43648"},{"taxonomy":"product_tag","embeddable":true,"href":"https:\/\/www.power2max.com\/es\/wp-json\/wp\/v2\/product_tag?post=43648"},{"taxonomy":"model","embeddable":true,"href":"https:\/\/www.power2max.com\/es\/wp-json\/wp\/v2\/model?post=43648"}],"curies":[{"name":"wp","href":"https:\/\/api.w.org\/{rel}","templated":true}]}}