{"id":43647,"date":"2021-03-10T09:44:37","date_gmt":"2021-03-10T09:44:37","guid":{"rendered":"https:\/\/www.power2max.com\/product\/ng-carretera-rotor-aldhu-r-24-con-bielas\/"},"modified":"2025-10-24T23:30:40","modified_gmt":"2025-10-24T23:30:40","slug":"ng-carretera-rotor-aldhu-r-24-con-bielas","status":"publish","type":"product","link":"https:\/\/www.power2max.com\/es\/producto\/ng-carretera-rotor-aldhu-r-24-con-bielas\/","title":{"rendered":"NG Carretera Rotor ALDHU-R 24 con bielas"},"content":{"rendered":"<p>El set de medidor de potencia NG Carretera Rotor ALDHU-R 24 es nuesra recomendaci\u00f3n para bicis con eje pedalier Shimano. El set consiste en la ara\u00f1a con medidor de potencia NG y el juego de bielas Rotor ALDHU-R 24 con eje de acero de 24mm.Con el 110 4-S y la versi\u00f3n 110 4-SL del medidor de potencia tambi\u00e9n existe la posibilidad de seguir utilizando los platos de carretera Shimano de 11 y 12 velocidades, manteniendo as\u00ed el rendimiento del cambio. El 110 4-SL ahorra 30g en comparaci\u00f3n con la versi\u00f3n normal 110 4-S por un coste adicional de 100\u20ac (IVA incluido). Es compatible con el tipo de pedalier Shimano Hollowtech 2.<\/p>\n<p><b>El env\u00edo contiene:<\/b> Medidor de potencia con tapa de silicona, Gu\u00eda de inicio r\u00e1pido, Cable para recargar, Adhesivo de color NG\/NGeco 2D, Juego de bielas <\/p>\n","protected":false},"excerpt":{"rendered":"<p>El set de medidor de potencia NG Carretera Rotor ALDHU-R 24 es nuesra recomendaci\u00f3n para bicis con eje pedalier Shimano. [&hellip;]<\/p>\n","protected":false},"featured_media":0,"comment_status":"open","ping_status":"closed","template":"","meta":[],"product_brand":[],"product_cat":[464,485],"product_tag":[],"model":[552],"class_list":{"0":"post-43647","1":"product","2":"type-product","3":"status-publish","5":"product_cat-11-es","6":"product_cat-power-meter-es","7":"model-shimano","9":"first","10":"instock","11":"taxable","12":"shipping-taxable","13":"purchasable","14":"product-type-simple"},"acf":[],"_links":{"self":[{"href":"https:\/\/www.power2max.com\/es\/wp-json\/wp\/v2\/product\/43647","targetHints":{"allow":["GET"]}}],"collection":[{"href":"https:\/\/www.power2max.com\/es\/wp-json\/wp\/v2\/product"}],"about":[{"href":"https:\/\/www.power2max.com\/es\/wp-json\/wp\/v2\/types\/product"}],"replies":[{"embeddable":true,"href":"https:\/\/www.power2max.com\/es\/wp-json\/wp\/v2\/comments?post=43647"}],"wp:attachment":[{"href":"https:\/\/www.power2max.com\/es\/wp-json\/wp\/v2\/media?parent=43647"}],"wp:term":[{"taxonomy":"product_brand","embeddable":true,"href":"https:\/\/www.power2max.com\/es\/wp-json\/wp\/v2\/product_brand?post=43647"},{"taxonomy":"product_cat","embeddable":true,"href":"https:\/\/www.power2max.com\/es\/wp-json\/wp\/v2\/product_cat?post=43647"},{"taxonomy":"product_tag","embeddable":true,"href":"https:\/\/www.power2max.com\/es\/wp-json\/wp\/v2\/product_tag?post=43647"},{"taxonomy":"model","embeddable":true,"href":"https:\/\/www.power2max.com\/es\/wp-json\/wp\/v2\/model?post=43647"}],"curies":[{"name":"wp","href":"https:\/\/api.w.org\/{rel}","templated":true}]}}