{"id":38964,"date":"2020-09-21T15:09:43","date_gmt":"2020-09-21T15:09:43","guid":{"rendered":"https:\/\/www.power2max.com\/product\/ng-road-power2max-granfondo-set-2\/"},"modified":"2025-10-24T23:30:32","modified_gmt":"2025-10-24T23:30:32","slug":"ng-road-power2max-granfondo-set-2","status":"publish","type":"product","link":"https:\/\/www.power2max.com\/es\/producto\/ng-road-power2max-granfondo-set-2\/","title":{"rendered":"NG Road power2max GranFondo Set"},"content":{"rendered":"<p>El medidor de potencia power2max NG con las bielas power2max GranFondo es el comienzo ideal en el entrenamiento por potencia para tu bici de carretera. <\/p>\n<p>Nuestro NG ha sido probado y testeado en el World Tour y ha ayudado a numerosos profesionales a conseguir grandes victorias en las carreras mas importantes del mundo. Como todos los medidores de potencia power2max, el NG mide la potencia total que realizas con ambas piernas y la cadencia sin necesidad de un sensor adicional. Las bielas power2max GranFondo son de aluminio forjado y pesan 724g incluyendo el medidor de potencia. Esto las hace la primera opci\u00f3n para aquellos ciclistas que valoran una excelente relaci\u00f3n precio-rendimiento o quien esta buscando un medidor de potencia dual que mide ambas piernas con una magn\u00edfica relaci\u00f3n calidad-precio. <\/p>\n<p>El eje de las bielas power2max GranFondo es de 24mm de di\u00e1metro y ha sido desarrollado para ser totalmente compatible con los eje pedalier Shimano Hollowtech II y por lo tanto permite reemplazar f\u00e1cil y r\u00e1pidamente todas las bielas Shimano de carretera. Si quieres seguir usando tus platos de 4 tornillos Shimano Dura Ace, Ultegra o 105 puedes elegir nuestra versi\u00f3n 110-4S. Esta configuraci\u00f3n permite seguir teniendo un rendmiento \u00f3ptimo de transmisi\u00f3n.<\/p>\n<p><b>ev\u00edo contiene:<\/b>  Medidor de potencia con tapa de silicona, Gu\u00eda de inicio r\u00e1pido, Cable para recargar, Adhesivo de color NG\/NGeco 2D, Juego de bielas<\/p>\n","protected":false},"excerpt":{"rendered":"<p>El medidor de potencia power2max NG con las bielas power2max GranFondo es el comienzo ideal en el entrenamiento por potencia [&hellip;]<\/p>\n","protected":false},"featured_media":0,"comment_status":"open","ping_status":"closed","template":"","meta":[],"product_brand":[],"product_cat":[464,485],"product_tag":[],"model":[552],"class_list":{"0":"post-38964","1":"product","2":"type-product","3":"status-publish","5":"product_cat-11-es","6":"product_cat-power-meter-es","7":"model-shimano","9":"first","10":"instock","11":"taxable","12":"shipping-taxable","13":"purchasable","14":"product-type-simple"},"acf":[],"_links":{"self":[{"href":"https:\/\/www.power2max.com\/es\/wp-json\/wp\/v2\/product\/38964","targetHints":{"allow":["GET"]}}],"collection":[{"href":"https:\/\/www.power2max.com\/es\/wp-json\/wp\/v2\/product"}],"about":[{"href":"https:\/\/www.power2max.com\/es\/wp-json\/wp\/v2\/types\/product"}],"replies":[{"embeddable":true,"href":"https:\/\/www.power2max.com\/es\/wp-json\/wp\/v2\/comments?post=38964"}],"wp:attachment":[{"href":"https:\/\/www.power2max.com\/es\/wp-json\/wp\/v2\/media?parent=38964"}],"wp:term":[{"taxonomy":"product_brand","embeddable":true,"href":"https:\/\/www.power2max.com\/es\/wp-json\/wp\/v2\/product_brand?post=38964"},{"taxonomy":"product_cat","embeddable":true,"href":"https:\/\/www.power2max.com\/es\/wp-json\/wp\/v2\/product_cat?post=38964"},{"taxonomy":"product_tag","embeddable":true,"href":"https:\/\/www.power2max.com\/es\/wp-json\/wp\/v2\/product_tag?post=38964"},{"taxonomy":"model","embeddable":true,"href":"https:\/\/www.power2max.com\/es\/wp-json\/wp\/v2\/model?post=38964"}],"curies":[{"name":"wp","href":"https:\/\/api.w.org\/{rel}","templated":true}]}}