{"id":23117,"date":"2019-03-11T14:18:38","date_gmt":"2019-03-11T14:18:38","guid":{"rendered":"https:\/\/www.power2max.com\/product\/ngeco-carretera-campagnolo-con-bielas\/"},"modified":"2025-10-30T13:20:50","modified_gmt":"2025-10-30T13:20:50","slug":"ngeco-carretera-campagnolo-con-bielas-2","status":"publish","type":"product","link":"https:\/\/www.power2max.com\/es\/producto\/ngeco-carretera-campagnolo-con-bielas-2\/","title":{"rendered":"NGeco Carretera Campagnolo 12 Speed con bielas"},"content":{"rendered":"<p>\u00bfTienes una transmisi\u00f3n Campagnolo 2&#215;11 o 2&#215;12 en tu bicicleta y quieres mejorar tu rendimiento? El medidor de potencia NGeco Power Campagnolo Road con las bielas Campagnolo Carbon es tu mejor opci\u00f3n.<br \/>\n\u00bfPuedes combinar tus bielas actuales con el medidor de potencia NGeco Campagnolo? No, eso no es posible. Necesitar\u00e1s las bielas especiales para medidor de potencia, que vienen sin la ara\u00f1a de biela.<br \/>\n<strong>Nota:<\/strong> aseg\u00farate de utilizar los platos espec\u00edficos 2&#215;11 o 2&#215;12 para tu transmisi\u00f3n.<\/p>\n<p><strong>Las funciones Balance y Pedal Smoothness ya est\u00e1n activadas.<\/strong><\/p>\n","protected":false},"excerpt":{"rendered":"<p>\u00bfTienes una transmisi\u00f3n Campagnolo 2&#215;11 o 2&#215;12 en tu bicicleta y quieres mejorar tu rendimiento? El medidor de potencia NGeco [&hellip;]<\/p>\n","protected":false},"featured_media":0,"comment_status":"open","ping_status":"closed","template":"","meta":[],"product_brand":[],"product_cat":[465,485],"product_tag":[],"model":[159],"class_list":{"0":"post-23117","1":"product","2":"type-product","3":"status-publish","5":"product_cat-12-es","6":"product_cat-power-meter-es","7":"model-campagnolo","9":"first","10":"instock","11":"taxable","12":"shipping-taxable","13":"purchasable","14":"product-type-simple"},"acf":[],"_links":{"self":[{"href":"https:\/\/www.power2max.com\/es\/wp-json\/wp\/v2\/product\/23117","targetHints":{"allow":["GET"]}}],"collection":[{"href":"https:\/\/www.power2max.com\/es\/wp-json\/wp\/v2\/product"}],"about":[{"href":"https:\/\/www.power2max.com\/es\/wp-json\/wp\/v2\/types\/product"}],"replies":[{"embeddable":true,"href":"https:\/\/www.power2max.com\/es\/wp-json\/wp\/v2\/comments?post=23117"}],"wp:attachment":[{"href":"https:\/\/www.power2max.com\/es\/wp-json\/wp\/v2\/media?parent=23117"}],"wp:term":[{"taxonomy":"product_brand","embeddable":true,"href":"https:\/\/www.power2max.com\/es\/wp-json\/wp\/v2\/product_brand?post=23117"},{"taxonomy":"product_cat","embeddable":true,"href":"https:\/\/www.power2max.com\/es\/wp-json\/wp\/v2\/product_cat?post=23117"},{"taxonomy":"product_tag","embeddable":true,"href":"https:\/\/www.power2max.com\/es\/wp-json\/wp\/v2\/product_tag?post=23117"},{"taxonomy":"model","embeddable":true,"href":"https:\/\/www.power2max.com\/es\/wp-json\/wp\/v2\/model?post=23117"}],"curies":[{"name":"wp","href":"https:\/\/api.w.org\/{rel}","templated":true}]}}